{"id":12290,"date":"2024-09-07T19:17:49","date_gmt":"2024-09-07T17:17:49","guid":{"rendered":"https:\/\/courtmetrange.eu\/?page_id=12290"},"modified":"2025-03-26T11:12:28","modified_gmt":"2025-03-26T10:12:28","slug":"parcours-metrange-3","status":"publish","type":"page","link":"https:\/\/courtmetrange.eu\/en\/parcours-metrange-3\/","title":{"rendered":"Parcours M\u00e9trange 2025"},"content":{"rendered":"<p>[et_pb_section fb_built=\u00a0\u00bb1&Prime; _builder_version=\u00a0\u00bb4.25.1&Prime; _module_preset=\u00a0\u00bbdefault\u00a0\u00bb background_color=\u00a0\u00bb#f6f6f6&Prime; background_enable_image=\u00a0\u00bboff\u00a0\u00bb background_position=\u00a0\u00bbtop_left\u00a0\u00bb background_horizontal_offset=\u00a0\u00bb17%\u00a0\u00bb background_vertical_offset=\u00a0\u00bb0%\u00a0\u00bb min_height=\u00a0\u00bb1309.9px\u00a0\u00bb custom_margin=\u00a0\u00bb0px|||||\u00a0\u00bb custom_padding=\u00a0\u00bb0px|||||\u00a0\u00bb global_colors_info=\u00a0\u00bb{}\u00a0\u00bb][et_pb_row _builder_version=\u00a0\u00bb4.27.4&Prime; _module_preset=\u00a0\u00bbdefault\u00a0\u00bb background_color=\u00a0\u00bbRGBA(255,255,255,0)\u00a0\u00bb custom_padding=\u00a0\u00bb2px|30px|4px|30px|false|false\u00a0\u00bb hover_enabled=\u00a0\u00bb0&Prime; global_colors_info=\u00a0\u00bb{}\u00a0\u00bb locked=\u00a0\u00bboff\u00a0\u00bb sticky_enabled=\u00a0\u00bb0&Prime;][et_pb_column type=\u00a0\u00bb4_4&Prime; _builder_version=\u00a0\u00bb4.27.4&Prime; _module_preset=\u00a0\u00bbdefault\u00a0\u00bb global_colors_info=\u00a0\u00bb{}\u00a0\u00bb][et_pb_text _builder_version=\u00a0\u00bb4.27.4&Prime; _module_preset=\u00a0\u00bbdefault\u00a0\u00bb text_font=\u00a0\u00bb|||||on|||\u00a0\u00bb text_text_color=\u00a0\u00bb#000000&Prime; header_2_text_color=\u00a0\u00bb#cc3939&Prime; custom_margin=\u00a0\u00bb||11px|||\u00a0\u00bb custom_padding=\u00a0\u00bb27px||0px|||\u00a0\u00bb global_colors_info=\u00a0\u00bb{}\u00a0\u00bb]<\/p>\n<h2><strong>PARCOURS M\u00c9TRANGE<\/strong><\/h2>\n<p>[\/et_pb_text][et_pb_divider color=\u00a0\u00bb#cc3939&Prime; divider_weight=\u00a0\u00bb4px\u00a0\u00bb _builder_version=\u00a0\u00bb4.27.4&Prime; _module_preset=\u00a0\u00bbdefault\u00a0\u00bb background_color=\u00a0\u00bbRGBA(255,255,255,0)\u00a0\u00bb global_colors_info=\u00a0\u00bb{}\u00a0\u00bb custom_margin=\u00a0\u00bb||-1px|||\u00a0\u00bb custom_padding=\u00a0\u00bb||0px|||\u00a0\u00bb][\/et_pb_divider][et_pb_menu menu_id=\u00a0\u00bb115&Prime; menu_style=\u00a0\u00bbcentered\u00a0\u00bb active_link_color=\u00a0\u00bb#FFFFFF\u00a0\u00bb logo_url=\u00a0\u00bbhttps:\/\/courtmetrange.eu\/festival-court-metrange-2025\/\u00a0\u00bb cart_icon_color=\u00a0\u00bb#FFFFFF\u00a0\u00bb search_icon_color=\u00a0\u00bb#FFFFFF\u00a0\u00bb menu_icon_color=\u00a0\u00bb#FFFFFF\u00a0\u00bb _builder_version=\u00a0\u00bb4.27.4&Prime; _module_preset=\u00a0\u00bbdefault\u00a0\u00bb menu_font=\u00a0\u00bb|700||on|||||\u00a0\u00bb menu_text_color=\u00a0\u00bb#FFFFFF\u00a0\u00bb background_color=\u00a0\u00bb#cc3939&Prime; background_layout=\u00a0\u00bbdark\u00a0\u00bb min_height=\u00a0\u00bb47px\u00a0\u00bb custom_margin=\u00a0\u00bb||-13px|||\u00a0\u00bb custom_padding=\u00a0\u00bb8px||0px|||\u00a0\u00bb hover_enabled=\u00a0\u00bb0&Prime; border_color_all=\u00a0\u00bb#FFFFFF\u00a0\u00bb global_colors_info=\u00a0\u00bb{}\u00a0\u00bb sticky_enabled=\u00a0\u00bb0&Prime;][\/et_pb_menu][\/et_pb_column][\/et_pb_row][et_pb_row _builder_version=\u00a0\u00bb4.27.4&Prime; _module_preset=\u00a0\u00bbdefault\u00a0\u00bb background_color=\u00a0\u00bbRGBA(255,255,255,0)\u00a0\u00bb custom_padding=\u00a0\u00bb0px|30px|0px|30px|false|false\u00a0\u00bb hover_enabled=\u00a0\u00bb0&Prime; global_colors_info=\u00a0\u00bb{}\u00a0\u00bb sticky_enabled=\u00a0\u00bb0&Prime;][et_pb_column type=\u00a0\u00bb4_4&Prime; _builder_version=\u00a0\u00bb4.27.0&Prime; _module_preset=\u00a0\u00bbdefault\u00a0\u00bb global_colors_info=\u00a0\u00bb{}\u00a0\u00bb][et_pb_text module_id=\u00a0\u00bbLA-COMPETITION_OFFICIELLE\u00a0\u00bb _builder_version=\u00a0\u00bb4.27.4&Prime; _module_preset=\u00a0\u00bbdefault\u00a0\u00bb text_font=\u00a0\u00bb||||||||\u00a0\u00bb text_font_size=\u00a0\u00bb26px\u00a0\u00bb text_orientation=\u00a0\u00bbcenter\u00a0\u00bb min_height=\u00a0\u00bb35px\u00a0\u00bb custom_margin=\u00a0\u00bb||-4px||false|false\u00a0\u00bb custom_padding=\u00a0\u00bb24px||0px|27px||\u00a0\u00bb text_text_shadow_style=\u00a0\u00bbpreset4&Prime; text_text_shadow_color=\u00a0\u00bb#000000&Prime; inline_fonts=\u00a0\u00bbHelvetica Neue Medium\u00a0\u00bb global_colors_info=\u00a0\u00bb{}\u00a0\u00bb]<\/p>\n<h2 style=\"text-align: center;\"><span style=\"color: #000000;\">[A VENIR]<\/span><\/h2>\n<p>[\/et_pb_text][et_pb_text _builder_version=\u00a0\u00bb4.27.4&Prime; _module_preset=\u00a0\u00bbdefault\u00a0\u00bb custom_padding=\u00a0\u00bb||||false|false\u00a0\u00bb hover_enabled=\u00a0\u00bb0&Prime; global_colors_info=\u00a0\u00bb{}\u00a0\u00bb sticky_enabled=\u00a0\u00bb0&Prime;]<\/p>\n<p data-start=\"0\" data-end=\"350\" class=\"\">Le <strong data-start=\"3\" data-end=\"24\">M\u00e9trange \nEye-Tinerary<\/strong> est un volet essentiel du <strong data-start=\"51\" data-end=\"78\">Court M\u00e9trange Festival<\/strong>, festival international de courts m\u00e9trages fantastiques, \u00e9tranges et insolites se tenant \u00e0 Rennes. Ce parcours enrichit le festival en faisant r\u00e9sonner les arts entre eux \u00e0 travers une programmation \u00e9clectique m\u00ealant cin\u00e9ma, arts plastiques, performances et rencontres.<\/p>\n<p data-start=\"352\" data-end=\"603\" class=\"\">Chaque ann\u00e9e, le <strong data-start=\"369\" data-end=\"390\">M\u00e9trange \nEye-Tinerary<\/strong> s&rsquo;articule autour d&rsquo;une th\u00e9matique sp\u00e9cifique et propose des <strong data-start=\"452\" data-end=\"535\">expositions, conf\u00e9rences, projections de longs m\u00e9trages et \u00e9v\u00e9nements immersifs<\/strong>, offrant une exploration approfondie des univers de l&rsquo;imaginaire.<\/p>\n<p data-start=\"605\" data-end=\"640\" class=\"\">Plusieurs volets rythment ce parcours :<\/p>\n<ul data-start=\"462\" data-end=\"1314\">\n<li data-start=\"462\" data-end=\"633\" class=\"\">\n<p data-start=\"464\" data-end=\"633\" class=\"\"><strong data-start=\"464\" data-end=\"481\">Parcours Expo<\/strong> : un espace o\u00f9 les arts visuels, installations et performances prolongent l\u2019univers du festival \u00e0 travers des expositions immersives et interactives.<\/p>\n<\/li>\n<li data-start=\"634\" data-end=\"866\" class=\"\">\n<p data-start=\"636\" data-end=\"866\" class=\"\"><strong data-start=\"636\" data-end=\"671\">Parcours Conf\u00e9rence &amp; Rencontre<\/strong> : un lieu de r\u00e9flexion et d\u2019\u00e9change o\u00f9 chercheurs, r\u00e9alisateurs, artistes et spectateurs explorent les th\u00e9matiques du fantastique sous un prisme cin\u00e9matographique, philosophique et artistique.<\/p>\n<\/li>\n<li data-start=\"867\" data-end=\"1018\" class=\"\">\n<p data-start=\"869\" data-end=\"1018\" class=\"\"><strong data-start=\"869\" data-end=\"891\">Parcours \u00c9mergence<\/strong> : une vitrine pour les jeunes talents, favorisant la d\u00e9couverte de nouvelles \u00e9critures et d\u00e9marches artistiques singuli\u00e8res.<\/p>\n<\/li>\n<li data-start=\"1019\" data-end=\"1164\" class=\"\">\n<p data-start=\"1021\" data-end=\"1164\" class=\"\"><strong data-start=\"1021\" data-end=\"1037\">Parcours Pro<\/strong> : un espace d\u00e9di\u00e9 aux professionnels, favorisant les rencontres et collaborations au sein de l\u2019industrie du cin\u00e9ma de genre.<\/p>\n<\/li>\n<li data-start=\"1165\" data-end=\"1314\" class=\"\">\n<p data-start=\"1167\" data-end=\"1314\" class=\"\"><strong data-start=\"1167\" data-end=\"1192\">Young audiences Eye-Tinerary<\/strong> : des ateliers et projections adapt\u00e9s pour sensibiliser les plus jeunes aux esth\u00e9tiques du fantastique et de l\u2019\u00e9trange.<\/p>\n<\/li>\n<\/ul>\n<p data-start=\"1003\" data-end=\"1271\" class=\"\">En associant le cin\u00e9ma \u00e0 d\u2019autres formes artistiques et en favorisant les \u00e9changes entre cr\u00e9ateurs et spectateurs, le <strong data-start=\"1121\" data-end=\"1142\">M\u00e9trange \nEye-Tinerary<\/strong> contribue \u00e0 faire de <strong data-start=\"1164\" data-end=\"1182\">Court Metrange Festival<\/strong> un \u00e9v\u00e9nement incontournable pour les passionn\u00e9s de cin\u00e9ma de genre et d\u2019arts singuliers.<\/p>\n<p>[\/et_pb_text][\/et_pb_column][\/et_pb_row][\/et_pb_section]<\/p>","protected":false},"excerpt":{"rendered":"<p>PARCOURS M\u00c9TRANGE[A VENIR]Le Parcours M\u00e9trange est un volet essentiel du Festival Court M\u00e9trange, festival international de courts m\u00e9trages fantastiques, \u00e9tranges et insolites se tenant \u00e0 Rennes. Ce parcours enrichit le [&hellip;]<\/p>","protected":false},"author":8,"featured_media":0,"parent":0,"menu_order":0,"comment_status":"closed","ping_status":"closed","template":"","meta":{"_acf_changed":false,"_et_pb_use_builder":"on","_et_pb_old_content":"","_et_gb_content_width":"","footnotes":""},"class_list":["post-12290","page","type-page","status-publish","hentry"],"acf":[],"yoast_head":"<!-- This site is optimized with the Yoast SEO plugin v24.5 - https:\/\/yoast.com\/wordpress\/plugins\/seo\/ -->\n<title>Parcours M\u00e9trange 2025 - Court M\u00e9trange<\/title>\n<meta name=\"robots\" content=\"index, follow, max-snippet:-1, max-image-preview:large, max-video-preview:-1\" \/>\n<link rel=\"canonical\" href=\"https:\/\/courtmetrange.eu\/en\/parcours-metrange-3\/\" \/>\n<meta property=\"og:locale\" content=\"en_GB\" \/>\n<meta property=\"og:type\" content=\"article\" \/>\n<meta property=\"og:title\" content=\"Parcours M\u00e9trange 2025 - Court M\u00e9trange\" \/>\n<meta property=\"og:description\" content=\"PARCOURS M\u00c9TRANGE[A VENIR]Le Parcours M\u00e9trange est un volet essentiel du Festival Court M\u00e9trange, festival international de courts m\u00e9trages fantastiques, \u00e9tranges et insolites se tenant \u00e0 Rennes. Ce parcours enrichit le [&hellip;]\" \/>\n<meta property=\"og:url\" content=\"https:\/\/courtmetrange.eu\/en\/parcours-metrange-3\/\" \/>\n<meta property=\"og:site_name\" content=\"Court M\u00e9trange\" \/>\n<meta property=\"article:publisher\" content=\"https:\/\/www.facebook.com\/CourtMetrange\/\" \/>\n<meta property=\"article:modified_time\" content=\"2025-03-26T10:12:28+00:00\" \/>\n<meta name=\"twitter:card\" content=\"summary_large_image\" \/>\n<meta name=\"twitter:site\" content=\"@courtmetrange\" \/>\n<script type=\"application\/ld+json\" class=\"yoast-schema-graph\">{\"@context\":\"https:\/\/schema.org\",\"@graph\":[{\"@type\":\"WebPage\",\"@id\":\"https:\/\/courtmetrange.eu\/parcours-metrange-3\/\",\"url\":\"https:\/\/courtmetrange.eu\/parcours-metrange-3\/\",\"name\":\"Parcours M\u00e9trange 2025 - Court M\u00e9trange\",\"isPartOf\":{\"@id\":\"https:\/\/courtmetrange.eu\/en\/#website\"},\"datePublished\":\"2024-09-07T17:17:49+00:00\",\"dateModified\":\"2025-03-26T10:12:28+00:00\",\"breadcrumb\":{\"@id\":\"https:\/\/courtmetrange.eu\/parcours-metrange-3\/#breadcrumb\"},\"inLanguage\":\"en-GB\",\"potentialAction\":[{\"@type\":\"ReadAction\",\"target\":[\"https:\/\/courtmetrange.eu\/parcours-metrange-3\/\"]}]},{\"@type\":\"BreadcrumbList\",\"@id\":\"https:\/\/courtmetrange.eu\/parcours-metrange-3\/#breadcrumb\",\"itemListElement\":[{\"@type\":\"ListItem\",\"position\":1,\"name\":\"Accueil\",\"item\":\"https:\/\/courtmetrange.eu\/\"},{\"@type\":\"ListItem\",\"position\":2,\"name\":\"Parcours M\u00e9trange 2025\"}]},{\"@type\":\"WebSite\",\"@id\":\"https:\/\/courtmetrange.eu\/en\/#website\",\"url\":\"https:\/\/courtmetrange.eu\/en\/\",\"name\":\"Court M\u00e9trange\",\"description\":\"Festival International du court m\u00e9trage insolite et fantastique de Rennes\",\"publisher\":{\"@id\":\"https:\/\/courtmetrange.eu\/en\/#organization\"},\"potentialAction\":[{\"@type\":\"SearchAction\",\"target\":{\"@type\":\"EntryPoint\",\"urlTemplate\":\"https:\/\/courtmetrange.eu\/en\/?s={search_term_string}\"},\"query-input\":{\"@type\":\"PropertyValueSpecification\",\"valueRequired\":true,\"valueName\":\"search_term_string\"}}],\"inLanguage\":\"en-GB\"},{\"@type\":\"Organization\",\"@id\":\"https:\/\/courtmetrange.eu\/en\/#organization\",\"name\":\"Court M\u00e9trange\",\"url\":\"https:\/\/courtmetrange.eu\/en\/\",\"logo\":{\"@type\":\"ImageObject\",\"inLanguage\":\"en-GB\",\"@id\":\"https:\/\/courtmetrange.eu\/en\/#\/schema\/logo\/image\/\",\"url\":\"https:\/\/courtmetrange.eu\/wp-content\/uploads\/2020\/11\/Logo_CourtMetrange.svg\",\"contentUrl\":\"https:\/\/courtmetrange.eu\/wp-content\/uploads\/2020\/11\/Logo_CourtMetrange.svg\",\"width\":251,\"height\":127,\"caption\":\"Court M\u00e9trange\"},\"image\":{\"@id\":\"https:\/\/courtmetrange.eu\/en\/#\/schema\/logo\/image\/\"},\"sameAs\":[\"https:\/\/www.facebook.com\/CourtMetrange\/\",\"https:\/\/x.com\/courtmetrange\",\"https:\/\/www.instagram.com\/courtmetrange.rennes\/\",\"https:\/\/www.youtube.com\/channel\/UCbS9jcW3uiDQeGgZAT29Emw\/videos\"]}]}<\/script>\n<!-- \/ Yoast SEO plugin. -->","yoast_head_json":{"title":"Parcours M\u00e9trange 2025 - Court M\u00e9trange","robots":{"index":"index","follow":"follow","max-snippet":"max-snippet:-1","max-image-preview":"max-image-preview:large","max-video-preview":"max-video-preview:-1"},"canonical":"https:\/\/courtmetrange.eu\/en\/parcours-metrange-3\/","og_locale":"en_GB","og_type":"article","og_title":"Parcours M\u00e9trange 2025 - Court M\u00e9trange","og_description":"PARCOURS M\u00c9TRANGE[A VENIR]Le Parcours M\u00e9trange est un volet essentiel du Festival Court M\u00e9trange, festival international de courts m\u00e9trages fantastiques, \u00e9tranges et insolites se tenant \u00e0 Rennes. Ce parcours enrichit le [&hellip;]","og_url":"https:\/\/courtmetrange.eu\/en\/parcours-metrange-3\/","og_site_name":"Court M\u00e9trange","article_publisher":"https:\/\/www.facebook.com\/CourtMetrange\/","article_modified_time":"2025-03-26T10:12:28+00:00","twitter_card":"summary_large_image","twitter_site":"@courtmetrange","schema":{"@context":"https:\/\/schema.org","@graph":[{"@type":"WebPage","@id":"https:\/\/courtmetrange.eu\/parcours-metrange-3\/","url":"https:\/\/courtmetrange.eu\/parcours-metrange-3\/","name":"Parcours M\u00e9trange 2025 - Court M\u00e9trange","isPartOf":{"@id":"https:\/\/courtmetrange.eu\/en\/#website"},"datePublished":"2024-09-07T17:17:49+00:00","dateModified":"2025-03-26T10:12:28+00:00","breadcrumb":{"@id":"https:\/\/courtmetrange.eu\/parcours-metrange-3\/#breadcrumb"},"inLanguage":"en-GB","potentialAction":[{"@type":"ReadAction","target":["https:\/\/courtmetrange.eu\/parcours-metrange-3\/"]}]},{"@type":"BreadcrumbList","@id":"https:\/\/courtmetrange.eu\/parcours-metrange-3\/#breadcrumb","itemListElement":[{"@type":"ListItem","position":1,"name":"Accueil","item":"https:\/\/courtmetrange.eu\/"},{"@type":"ListItem","position":2,"name":"Parcours M\u00e9trange 2025"}]},{"@type":"WebSite","@id":"https:\/\/courtmetrange.eu\/en\/#website","url":"https:\/\/courtmetrange.eu\/en\/","name":"Court M\u00e9trange","description":"Festival International du court m\u00e9trage insolite et fantastique de Rennes","publisher":{"@id":"https:\/\/courtmetrange.eu\/en\/#organization"},"potentialAction":[{"@type":"SearchAction","target":{"@type":"EntryPoint","urlTemplate":"https:\/\/courtmetrange.eu\/en\/?s={search_term_string}"},"query-input":{"@type":"PropertyValueSpecification","valueRequired":true,"valueName":"search_term_string"}}],"inLanguage":"en-GB"},{"@type":"Organization","@id":"https:\/\/courtmetrange.eu\/en\/#organization","name":"Court M\u00e9trange","url":"https:\/\/courtmetrange.eu\/en\/","logo":{"@type":"ImageObject","inLanguage":"en-GB","@id":"https:\/\/courtmetrange.eu\/en\/#\/schema\/logo\/image\/","url":"https:\/\/courtmetrange.eu\/wp-content\/uploads\/2020\/11\/Logo_CourtMetrange.svg","contentUrl":"https:\/\/courtmetrange.eu\/wp-content\/uploads\/2020\/11\/Logo_CourtMetrange.svg","width":251,"height":127,"caption":"Court M\u00e9trange"},"image":{"@id":"https:\/\/courtmetrange.eu\/en\/#\/schema\/logo\/image\/"},"sameAs":["https:\/\/www.facebook.com\/CourtMetrange\/","https:\/\/x.com\/courtmetrange","https:\/\/www.instagram.com\/courtmetrange.rennes\/","https:\/\/www.youtube.com\/channel\/UCbS9jcW3uiDQeGgZAT29Emw\/videos"]}]}},"_links":{"self":[{"href":"https:\/\/courtmetrange.eu\/en\/wp-json\/wp\/v2\/pages\/12290","targetHints":{"allow":["GET"]}}],"collection":[{"href":"https:\/\/courtmetrange.eu\/en\/wp-json\/wp\/v2\/pages"}],"about":[{"href":"https:\/\/courtmetrange.eu\/en\/wp-json\/wp\/v2\/types\/page"}],"author":[{"embeddable":true,"href":"https:\/\/courtmetrange.eu\/en\/wp-json\/wp\/v2\/users\/8"}],"replies":[{"embeddable":true,"href":"https:\/\/courtmetrange.eu\/en\/wp-json\/wp\/v2\/comments?post=12290"}],"version-history":[{"count":51,"href":"https:\/\/courtmetrange.eu\/en\/wp-json\/wp\/v2\/pages\/12290\/revisions"}],"predecessor-version":[{"id":13293,"href":"https:\/\/courtmetrange.eu\/en\/wp-json\/wp\/v2\/pages\/12290\/revisions\/13293"}],"wp:attachment":[{"href":"https:\/\/courtmetrange.eu\/en\/wp-json\/wp\/v2\/media?parent=12290"}],"curies":[{"name":"wp","href":"https:\/\/api.w.org\/{rel}","templated":true}]}}