{"id":4197,"date":"2022-06-21T14:52:40","date_gmt":"2022-06-21T13:52:40","guid":{"rendered":"https:\/\/courtmetrange.eu\/?page_id=4197"},"modified":"2024-04-17T10:24:18","modified_gmt":"2024-04-17T08:24:18","slug":"parcours-metrange-2022","status":"publish","type":"page","link":"https:\/\/courtmetrange.eu\/en\/parcours-metrange-2022\/","title":{"rendered":"M\u00e9trange eye-tinerary"},"content":{"rendered":"[et_pb_section fb_built=\u00a0\u00bb1&Prime; _builder_version=\u00a0\u00bb4.16&Prime; _module_preset=\u00a0\u00bbdefault\u00a0\u00bb background_color=\u00a0\u00bbrgba(0,0,0,0)\u00a0\u00bb custom_margin=\u00a0\u00bb||0px||false|false\u00a0\u00bb custom_padding=\u00a0\u00bb||0px||false|false\u00a0\u00bb global_colors_info=\u00a0\u00bb{}\u00a0\u00bb][et_pb_row _builder_version=\u00a0\u00bb4.16&Prime; _module_preset=\u00a0\u00bbdefault\u00a0\u00bb global_colors_info=\u00a0\u00bb{}\u00a0\u00bb][et_pb_column type=\u00a0\u00bb4_4&Prime; _builder_version=\u00a0\u00bb4.16&Prime; _module_preset=\u00a0\u00bbdefault\u00a0\u00bb global_colors_info=\u00a0\u00bb{}\u00a0\u00bb][et_pb_text _builder_version=\u00a0\u00bb4.16&Prime; _module_preset=\u00a0\u00bbdefault\u00a0\u00bb text_font=\u00a0\u00bbUbuntu|900|||||||\u00a0\u00bb text_font_size=\u00a0\u00bb48px\u00a0\u00bb custom_margin=\u00a0\u00bb0px|0px|0px|0px|false|false\u00a0\u00bb custom_padding=\u00a0\u00bb0px|0px|0px|0px|false|false\u00a0\u00bb inline_fonts=\u00a0\u00bbHelvetica Neue Medium\u00a0\u00bb global_colors_info=\u00a0\u00bb{}\u00a0\u00bb]<h1 class=\"title-cm\" style=\"text-align: center;\"><span style=\"font-family: 'Helvetica Neue Medium';\">M\u00e9trange Eye-Tinerary<\/span><\/h1>[\/et_pb_text][et_pb_text _builder_version=\u00a0\u00bb4.16&Prime; _module_preset=\u00a0\u00bbdefault\u00a0\u00bb text_font=\u00a0\u00bbHelvetica Neue||||||||\u00a0\u00bb inline_fonts=\u00a0\u00bbHelvetica Neue Medium\u00a0\u00bb global_colors_info=\u00a0\u00bb{}\u00a0\u00bb]<p style=\"text-align: center;\"><span style=\"font-family: 'Helvetica Neue Medium';\">Le Parcours M\u00e9trange accompagne les comp\u00e9titions du festival depuis de nombreuses ann\u00e9es. Alliant conf\u00e9rences, expositions, long m\u00e9trages, rendez-vous insolites et rencontres, il est le pendant r\u00e9flexif des projections de courts m\u00e9trages en proposant un regard approfondi sur l\u2019image fantastique et le cin\u00e9ma de genre.<\/span><\/p>[\/et_pb_text][\/et_pb_column][\/et_pb_row][\/et_pb_section][et_pb_section fb_built=\u00a0\u00bb1&Prime; _builder_version=\u00a0\u00bb4.16&Prime; _module_preset=\u00a0\u00bbdefault\u00a0\u00bb background_color=\u00a0\u00bbrgba(0,0,0,0)\u00a0\u00bb custom_margin=\u00a0\u00bb0px||0px||false|false\u00a0\u00bb custom_padding=\u00a0\u00bb0px||0px||false|false\u00a0\u00bb global_colors_info=\u00a0\u00bb{}\u00a0\u00bb][et_pb_row _builder_version=\u00a0\u00bb4.16&Prime; _module_preset=\u00a0\u00bbdefault\u00a0\u00bb global_colors_info=\u00a0\u00bb{}\u00a0\u00bb][et_pb_column type=\u00a0\u00bb4_4&Prime; _builder_version=\u00a0\u00bb4.16&Prime; _module_preset=\u00a0\u00bbdefault\u00a0\u00bb global_colors_info=\u00a0\u00bb{}\u00a0\u00bb][et_pb_text _builder_version=\u00a0\u00bb4.16&Prime; _module_preset=\u00a0\u00bbdefault\u00a0\u00bb inline_fonts=\u00a0\u00bbHelvetica Neue Medium\u00a0\u00bb global_colors_info=\u00a0\u00bb{}\u00a0\u00bb]<h1 style=\"text-align: center;\"><span style=\"font-family: 'Helvetica Neue Medium';\">Event lineup<\/span><\/h1>[\/et_pb_text][\/et_pb_column][\/et_pb_row][et_pb_row column_structure=\u00a0\u00bb1_4,1_4,1_4,1_4&Prime; _builder_version=\u00a0\u00bb4.17.4&Prime; _module_preset=\u00a0\u00bbdefault\u00a0\u00bb global_colors_info=\u00a0\u00bb{}\u00a0\u00bb][et_pb_column type=\u00a0\u00bb1_4&Prime; _builder_version=\u00a0\u00bb4.16&Prime; _module_preset=\u00a0\u00bbdefault\u00a0\u00bb global_colors_info=\u00a0\u00bb{}\u00a0\u00bb][et_pb_image src=\u00a0\u00bbhttps:\/\/courtmetrange.eu\/wp-content\/uploads\/2022\/06\/Plane\u0301tarium.png\u00a0\u00bb title_text=\u00a0\u00bbPlane\u0301tarium\u00a0\u00bb url=\u00a0\u00bbhttps:\/\/courtmetrange.eu\/4402-2\/\u00a0\u00bb _builder_version=\u00a0\u00bb4.17.4&Prime; _module_preset=\u00a0\u00bbdefault\u00a0\u00bb width=\u00a0\u00bb97.9%\u00a0\u00bb min_height=\u00a0\u00bb145.9px\u00a0\u00bb custom_padding=\u00a0\u00bb|||23px||\u00a0\u00bb global_colors_info=\u00a0\u00bb{}\u00a0\u00bb][\/et_pb_image][et_pb_text _builder_version=\u00a0\u00bb4.16&Prime; _module_preset=\u00a0\u00bbdefault\u00a0\u00bb custom_margin=\u00a0\u00bb||52px|||\u00a0\u00bb global_colors_info=\u00a0\u00bb{}\u00a0\u00bb]<h2 style=\"text-align: center;\">Freak Shows<\/h2>\n<div class=\"et_pb_module et_pb_text et_pb_text_7  et_pb_text_align_left et_pb_bg_layout_light\">\n<div class=\"et_pb_text_inner\">\n<p style=\"text-align: center;\"><\/p>\n<p style=\"text-align: center;\"><\/p>\n<p style=\"text-align: center;\">What would Court M\u00e9trange be if the weird were a no-show? This year has its share of novel\nand enigmatic events on the agenda to help you get your form-filled cut of funky and\nFantastic.<\/p>\n<p style=\"text-align: center;\"><\/p>\n<p style=\"text-align: center;\"><\/p>\n<p style=\"text-align: center;\"><\/p>\n<p style=\"text-align: center;\"><\/p>\n<\/div>\n<\/div>\n<p style=\"text-align: center;\"><\/p>[\/et_pb_text][et_pb_button button_url=\u00a0\u00bbhttps:\/\/courtmetrange.eu\/4402-2\/\u00a0\u00bb button_text=\u00a0\u00bben savoir plus\u00a0\u00bb button_alignment=\u00a0\u00bbcenter\u00a0\u00bb module_class=\u00a0\u00bbbtn-cm\u00a0\u00bb _builder_version=\u00a0\u00bb4.17.4&Prime; _module_preset=\u00a0\u00bbdefault\u00a0\u00bb global_colors_info=\u00a0\u00bb{}\u00a0\u00bb][\/et_pb_button][\/et_pb_column][et_pb_column type=\u00a0\u00bb1_4&Prime; _builder_version=\u00a0\u00bb4.17.4&Prime; _module_preset=\u00a0\u00bbdefault\u00a0\u00bb global_colors_info=\u00a0\u00bb{}\u00a0\u00bb][et_pb_image src=\u00a0\u00bbhttps:\/\/courtmetrange.eu\/wp-content\/uploads\/2021\/02\/Visuel_GuyAstic.png\u00a0\u00bb title_text=\u00a0\u00bbVisuel_GuyAstic\u00a0\u00bb url=\u00a0\u00bbhttps:\/\/courtmetrange.eu\/conferences-rencontres-2022\/\u00a0\u00bb _builder_version=\u00a0\u00bb4.17.4&Prime; _module_preset=\u00a0\u00bbdefault\u00a0\u00bb width=\u00a0\u00bb99.4%\u00a0\u00bb custom_margin=\u00a0\u00bb||34px|||\u00a0\u00bb custom_padding=\u00a0\u00bb||1px|23px||\u00a0\u00bb global_colors_info=\u00a0\u00bb{}\u00a0\u00bb][\/et_pb_image][et_pb_text _builder_version=\u00a0\u00bb4.16&Prime; _module_preset=\u00a0\u00bbdefault\u00a0\u00bb custom_margin=\u00a0\u00bb||52px|||\u00a0\u00bb global_colors_info=\u00a0\u00bb{}\u00a0\u00bb]<h2 style=\"text-align: center;\">\u00a0Conferences and Encounters<\/h2>\n<p style=\"text-align: center;\">Film analyzes, hypothesizes, scrutinizes, and dichotomizes! Each year, a series of encounters and conferences takes on the festival\u2019s themes, offering a wide-angle perspective into an eclectic expanse of stances on what creation is all about.<br \/><br \/><\/p>\n<p style=\"text-align: center;\"><\/p>[\/et_pb_text][et_pb_button button_url=\u00a0\u00bbhttps:\/\/courtmetrange.eu\/conferences-rencontres-2022\/\u00a0\u00bb button_text=\u00a0\u00bben savoir plus \u00a0\u00bb button_alignment=\u00a0\u00bbcenter\u00a0\u00bb module_class=\u00a0\u00bbbtn-cm\u00a0\u00bb _builder_version=\u00a0\u00bb4.17.4&Prime; _module_preset=\u00a0\u00bbdefault\u00a0\u00bb global_colors_info=\u00a0\u00bb{}\u00a0\u00bb][\/et_pb_button][\/et_pb_column][et_pb_column type=\u00a0\u00bb1_4&Prime; _builder_version=\u00a0\u00bb4.16&Prime; _module_preset=\u00a0\u00bbdefault\u00a0\u00bb global_colors_info=\u00a0\u00bb{}\u00a0\u00bb][et_pb_image src=\u00a0\u00bbhttps:\/\/courtmetrange.eu\/wp-content\/uploads\/2022\/06\/Expo-Drama-2.png\u00a0\u00bb title_text=\u00a0\u00bbExpo Drama 2&Prime; url=\u00a0\u00bbhttps:\/\/courtmetrange.eu\/4203-2\/\u00a0\u00bb _builder_version=\u00a0\u00bb4.17.4&Prime; _module_preset=\u00a0\u00bbdefault\u00a0\u00bb width=\u00a0\u00bb99.8%\u00a0\u00bb custom_margin=\u00a0\u00bb|-90px||1px||\u00a0\u00bb custom_padding=\u00a0\u00bb|4px|4px|4px||\u00a0\u00bb global_colors_info=\u00a0\u00bb{}\u00a0\u00bb][\/et_pb_image][et_pb_text _builder_version=\u00a0\u00bb4.16&Prime; _module_preset=\u00a0\u00bbdefault\u00a0\u00bb global_colors_info=\u00a0\u00bb{}\u00a0\u00bb]<h2 style=\"text-align: center;\">Expositions<\/h2>\n<p style=\"text-align: center;\">To broaden the dialogue between the Fine Arts and film, Court M\u00e9trange has been offering its followers since 2013 art exhibits that fuse the futuristic, fantastic and forward-thinking, giving artists free rein, whatever their creative discipline may be, to contemplate and question what Fantasy entails and embodies.<\/p>\n<p style=\"text-align: justify;\">[\/et_pb_text][et_pb_button button_url=\u00a0\u00bbhttps:\/\/courtmetrange.eu\/4203-2\/\u00a0\u00bb button_text=\u00a0\u00bbEn savoir plus\u00a0\u00bb button_alignment=\u00a0\u00bbcenter\u00a0\u00bb module_class=\u00a0\u00bbbtn-cm\u00a0\u00bb _builder_version=\u00a0\u00bb4.17.4&Prime; _module_preset=\u00a0\u00bbdefault\u00a0\u00bb global_colors_info=\u00a0\u00bb{}\u00a0\u00bb][\/et_pb_button][\/et_pb_column][et_pb_column type=\u00a0\u00bb1_4&Prime; _builder_version=\u00a0\u00bb4.16&Prime; _module_preset=\u00a0\u00bbdefault\u00a0\u00bb global_colors_info=\u00a0\u00bb{}\u00a0\u00bb][et_pb_image src=\u00a0\u00bbhttps:\/\/courtmetrange.eu\/wp-content\/uploads\/2022\/06\/Alien.png\u00a0\u00bb title_text=\u00a0\u00bbAlien\u00a0\u00bb url=\u00a0\u00bbhttps:\/\/courtmetrange.eu\/long-metrange-2022\/\u00a0\u00bb _builder_version=\u00a0\u00bb4.17.4&Prime; _module_preset=\u00a0\u00bbdefault\u00a0\u00bb min_height=\u00a0\u00bb157.5px\u00a0\u00bb custom_padding=\u00a0\u00bb|0px||26px||\u00a0\u00bb global_colors_info=\u00a0\u00bb{}\u00a0\u00bb][\/et_pb_image][et_pb_text _builder_version=\u00a0\u00bb4.16&Prime; _module_preset=\u00a0\u00bbdefault\u00a0\u00bb custom_margin=\u00a0\u00bb||54px|||\u00a0\u00bb global_colors_info=\u00a0\u00bb{}\u00a0\u00bb]<h2 style=\"text-align: center;\">Soir\u00e9es Long M\u00e9trange<\/h2>\n<p style=\"text-align: center;\">Depuis l\u2019\u00e9dition 2018, le Festival a initi\u00e9 une nouvelle d\u00e9marche, en gestation depuis de nombreuses ann\u00e9es (et exp\u00e9riment\u00e9es de mani\u00e8re ponctuelle) : faire dialoguer les formats courts et longs m\u00e9trages pendant le festival.<\/p>\n<p style=\"text-align: center;\"><\/p>\n<p style=\"text-align: justify;\"><\/p>[\/et_pb_text][et_pb_button button_url=\u00a0\u00bbhttps:\/\/courtmetrange.eu\/long-metrange-2022\/\u00a0\u00bb button_text=\u00a0\u00bben savoir plus \u00a0\u00bb button_alignment=\u00a0\u00bbcenter\u00a0\u00bb module_class=\u00a0\u00bbbtn-cm\u00a0\u00bb _builder_version=\u00a0\u00bb4.17.4&Prime; _module_preset=\u00a0\u00bbdefault\u00a0\u00bb global_colors_info=\u00a0\u00bb{}\u00a0\u00bb][\/et_pb_button][\/et_pb_column][\/et_pb_row][\/et_pb_section]","protected":false},"excerpt":{"rendered":"<p>Le Parcours M\u00e9trangeLe Parcours M\u00e9trange accompagne les comp\u00e9titions du festival depuis de nombreuses ann\u00e9es. Alliant conf\u00e9rences, expositions, long m\u00e9trages, rendez-vous insolites et rencontres, il est le pendant r\u00e9flexif des projections [&hellip;]<\/p>","protected":false},"author":1,"featured_media":0,"parent":0,"menu_order":0,"comment_status":"closed","ping_status":"closed","template":"","meta":{"_acf_changed":false,"_et_pb_use_builder":"on","_et_pb_old_content":"","_et_gb_content_width":"","footnotes":""},"class_list":["post-4197","page","type-page","status-publish","hentry"],"acf":[],"yoast_head":"<!-- This site is optimized with the Yoast SEO plugin v24.5 - https:\/\/yoast.com\/wordpress\/plugins\/seo\/ -->\n<title>Parcours M\u00e9trange 2022 - Court M\u00e9trange<\/title>\n<meta name=\"robots\" content=\"noindex, nofollow\" \/>\n<meta property=\"og:locale\" content=\"en_GB\" \/>\n<meta property=\"og:type\" content=\"article\" \/>\n<meta property=\"og:title\" content=\"Parcours M\u00e9trange 2022 - Court M\u00e9trange\" \/>\n<meta property=\"og:description\" content=\"Le Parcours M\u00e9trangeLe Parcours M\u00e9trange accompagne les comp\u00e9titions du festival depuis de nombreuses ann\u00e9es. Alliant conf\u00e9rences, expositions, long m\u00e9trages, rendez-vous insolites et rencontres, il est le pendant r\u00e9flexif des projections [&hellip;]\" \/>\n<meta property=\"og:url\" content=\"https:\/\/courtmetrange.eu\/en\/parcours-metrange-2022\/\" \/>\n<meta property=\"og:site_name\" content=\"Court M\u00e9trange\" \/>\n<meta property=\"article:publisher\" content=\"https:\/\/www.facebook.com\/CourtMetrange\/\" \/>\n<meta property=\"article:modified_time\" content=\"2024-04-17T08:24:18+00:00\" \/>\n<meta name=\"twitter:card\" content=\"summary_large_image\" \/>\n<meta name=\"twitter:site\" content=\"@courtmetrange\" \/>\n<meta name=\"twitter:label1\" content=\"Estimated reading time\" \/>\n\t<meta name=\"twitter:data1\" content=\"2 minutes\" \/>\n<script type=\"application\/ld+json\" class=\"yoast-schema-graph\">{\"@context\":\"https:\/\/schema.org\",\"@graph\":[{\"@type\":\"WebPage\",\"@id\":\"https:\/\/courtmetrange.eu\/parcours-metrange-2022\/\",\"url\":\"https:\/\/courtmetrange.eu\/parcours-metrange-2022\/\",\"name\":\"Parcours M\u00e9trange 2022 - Court M\u00e9trange\",\"isPartOf\":{\"@id\":\"https:\/\/courtmetrange.eu\/en\/#website\"},\"datePublished\":\"2022-06-21T13:52:40+00:00\",\"dateModified\":\"2024-04-17T08:24:18+00:00\",\"breadcrumb\":{\"@id\":\"https:\/\/courtmetrange.eu\/parcours-metrange-2022\/#breadcrumb\"},\"inLanguage\":\"en-GB\",\"potentialAction\":[{\"@type\":\"ReadAction\",\"target\":[\"https:\/\/courtmetrange.eu\/parcours-metrange-2022\/\"]}]},{\"@type\":\"BreadcrumbList\",\"@id\":\"https:\/\/courtmetrange.eu\/parcours-metrange-2022\/#breadcrumb\",\"itemListElement\":[{\"@type\":\"ListItem\",\"position\":1,\"name\":\"Accueil\",\"item\":\"https:\/\/courtmetrange.eu\/\"},{\"@type\":\"ListItem\",\"position\":2,\"name\":\"Parcours M\u00e9trange 2022\"}]},{\"@type\":\"WebSite\",\"@id\":\"https:\/\/courtmetrange.eu\/en\/#website\",\"url\":\"https:\/\/courtmetrange.eu\/en\/\",\"name\":\"Court M\u00e9trange\",\"description\":\"Festival International du court m\u00e9trage insolite et fantastique de Rennes\",\"publisher\":{\"@id\":\"https:\/\/courtmetrange.eu\/en\/#organization\"},\"potentialAction\":[{\"@type\":\"SearchAction\",\"target\":{\"@type\":\"EntryPoint\",\"urlTemplate\":\"https:\/\/courtmetrange.eu\/en\/?s={search_term_string}\"},\"query-input\":{\"@type\":\"PropertyValueSpecification\",\"valueRequired\":true,\"valueName\":\"search_term_string\"}}],\"inLanguage\":\"en-GB\"},{\"@type\":\"Organization\",\"@id\":\"https:\/\/courtmetrange.eu\/en\/#organization\",\"name\":\"Court M\u00e9trange\",\"url\":\"https:\/\/courtmetrange.eu\/en\/\",\"logo\":{\"@type\":\"ImageObject\",\"inLanguage\":\"en-GB\",\"@id\":\"https:\/\/courtmetrange.eu\/en\/#\/schema\/logo\/image\/\",\"url\":\"https:\/\/courtmetrange.eu\/wp-content\/uploads\/2020\/11\/Logo_CourtMetrange.svg\",\"contentUrl\":\"https:\/\/courtmetrange.eu\/wp-content\/uploads\/2020\/11\/Logo_CourtMetrange.svg\",\"width\":251,\"height\":127,\"caption\":\"Court M\u00e9trange\"},\"image\":{\"@id\":\"https:\/\/courtmetrange.eu\/en\/#\/schema\/logo\/image\/\"},\"sameAs\":[\"https:\/\/www.facebook.com\/CourtMetrange\/\",\"https:\/\/x.com\/courtmetrange\",\"https:\/\/www.instagram.com\/courtmetrange.rennes\/\",\"https:\/\/www.youtube.com\/channel\/UCbS9jcW3uiDQeGgZAT29Emw\/videos\"]}]}<\/script>\n<!-- \/ Yoast SEO plugin. -->","yoast_head_json":{"title":"Parcours M\u00e9trange 2022 - Court M\u00e9trange","robots":{"index":"noindex","follow":"nofollow"},"og_locale":"en_GB","og_type":"article","og_title":"Parcours M\u00e9trange 2022 - Court M\u00e9trange","og_description":"Le Parcours M\u00e9trangeLe Parcours M\u00e9trange accompagne les comp\u00e9titions du festival depuis de nombreuses ann\u00e9es. Alliant conf\u00e9rences, expositions, long m\u00e9trages, rendez-vous insolites et rencontres, il est le pendant r\u00e9flexif des projections [&hellip;]","og_url":"https:\/\/courtmetrange.eu\/en\/parcours-metrange-2022\/","og_site_name":"Court M\u00e9trange","article_publisher":"https:\/\/www.facebook.com\/CourtMetrange\/","article_modified_time":"2024-04-17T08:24:18+00:00","twitter_card":"summary_large_image","twitter_site":"@courtmetrange","twitter_misc":{"Estimated reading time":"2 minutes"},"schema":{"@context":"https:\/\/schema.org","@graph":[{"@type":"WebPage","@id":"https:\/\/courtmetrange.eu\/parcours-metrange-2022\/","url":"https:\/\/courtmetrange.eu\/parcours-metrange-2022\/","name":"Parcours M\u00e9trange 2022 - Court M\u00e9trange","isPartOf":{"@id":"https:\/\/courtmetrange.eu\/en\/#website"},"datePublished":"2022-06-21T13:52:40+00:00","dateModified":"2024-04-17T08:24:18+00:00","breadcrumb":{"@id":"https:\/\/courtmetrange.eu\/parcours-metrange-2022\/#breadcrumb"},"inLanguage":"en-GB","potentialAction":[{"@type":"ReadAction","target":["https:\/\/courtmetrange.eu\/parcours-metrange-2022\/"]}]},{"@type":"BreadcrumbList","@id":"https:\/\/courtmetrange.eu\/parcours-metrange-2022\/#breadcrumb","itemListElement":[{"@type":"ListItem","position":1,"name":"Accueil","item":"https:\/\/courtmetrange.eu\/"},{"@type":"ListItem","position":2,"name":"Parcours M\u00e9trange 2022"}]},{"@type":"WebSite","@id":"https:\/\/courtmetrange.eu\/en\/#website","url":"https:\/\/courtmetrange.eu\/en\/","name":"Court M\u00e9trange","description":"Festival International du court m\u00e9trage insolite et fantastique de Rennes","publisher":{"@id":"https:\/\/courtmetrange.eu\/en\/#organization"},"potentialAction":[{"@type":"SearchAction","target":{"@type":"EntryPoint","urlTemplate":"https:\/\/courtmetrange.eu\/en\/?s={search_term_string}"},"query-input":{"@type":"PropertyValueSpecification","valueRequired":true,"valueName":"search_term_string"}}],"inLanguage":"en-GB"},{"@type":"Organization","@id":"https:\/\/courtmetrange.eu\/en\/#organization","name":"Court M\u00e9trange","url":"https:\/\/courtmetrange.eu\/en\/","logo":{"@type":"ImageObject","inLanguage":"en-GB","@id":"https:\/\/courtmetrange.eu\/en\/#\/schema\/logo\/image\/","url":"https:\/\/courtmetrange.eu\/wp-content\/uploads\/2020\/11\/Logo_CourtMetrange.svg","contentUrl":"https:\/\/courtmetrange.eu\/wp-content\/uploads\/2020\/11\/Logo_CourtMetrange.svg","width":251,"height":127,"caption":"Court M\u00e9trange"},"image":{"@id":"https:\/\/courtmetrange.eu\/en\/#\/schema\/logo\/image\/"},"sameAs":["https:\/\/www.facebook.com\/CourtMetrange\/","https:\/\/x.com\/courtmetrange","https:\/\/www.instagram.com\/courtmetrange.rennes\/","https:\/\/www.youtube.com\/channel\/UCbS9jcW3uiDQeGgZAT29Emw\/videos"]}]}},"_links":{"self":[{"href":"https:\/\/courtmetrange.eu\/en\/wp-json\/wp\/v2\/pages\/4197","targetHints":{"allow":["GET"]}}],"collection":[{"href":"https:\/\/courtmetrange.eu\/en\/wp-json\/wp\/v2\/pages"}],"about":[{"href":"https:\/\/courtmetrange.eu\/en\/wp-json\/wp\/v2\/types\/page"}],"author":[{"embeddable":true,"href":"https:\/\/courtmetrange.eu\/en\/wp-json\/wp\/v2\/users\/1"}],"replies":[{"embeddable":true,"href":"https:\/\/courtmetrange.eu\/en\/wp-json\/wp\/v2\/comments?post=4197"}],"version-history":[{"count":18,"href":"https:\/\/courtmetrange.eu\/en\/wp-json\/wp\/v2\/pages\/4197\/revisions"}],"predecessor-version":[{"id":11618,"href":"https:\/\/courtmetrange.eu\/en\/wp-json\/wp\/v2\/pages\/4197\/revisions\/11618"}],"wp:attachment":[{"href":"https:\/\/courtmetrange.eu\/en\/wp-json\/wp\/v2\/media?parent=4197"}],"curies":[{"name":"wp","href":"https:\/\/api.w.org\/{rel}","templated":true}]}}