{"id":4317,"date":"2022-06-22T13:29:41","date_gmt":"2022-06-22T12:29:41","guid":{"rendered":"https:\/\/courtmetrange.eu\/?page_id=4317"},"modified":"2024-04-17T10:10:57","modified_gmt":"2024-04-17T08:10:57","slug":"long-metrange-2022","status":"publish","type":"page","link":"https:\/\/courtmetrange.eu\/en\/long-metrange-2022\/","title":{"rendered":"Long M\u00e9trange 2022"},"content":{"rendered":"[et_pb_section fb_built=\u00a0\u00bb1&Prime; _builder_version=\u00a0\u00bb4.16&Prime; _module_preset=\u00a0\u00bbdefault\u00a0\u00bb background_color=\u00a0\u00bbrgba(0,0,0,0)\u00a0\u00bb global_colors_info=\u00a0\u00bb{}\u00a0\u00bb][et_pb_row _builder_version=\u00a0\u00bb4.16&Prime; _module_preset=\u00a0\u00bbdefault\u00a0\u00bb global_colors_info=\u00a0\u00bb{}\u00a0\u00bb][et_pb_column type=\u00a0\u00bb4_4&Prime; _builder_version=\u00a0\u00bb4.16&Prime; _module_preset=\u00a0\u00bbdefault\u00a0\u00bb global_colors_info=\u00a0\u00bb{}\u00a0\u00bb][et_pb_text _builder_version=\u00a0\u00bb4.16&Prime; _module_preset=\u00a0\u00bbdefault\u00a0\u00bb text_font=\u00a0\u00bbClinica Black||||||||\u00a0\u00bb global_colors_info=\u00a0\u00bb{}\u00a0\u00bb]<h1 style=\"text-align: center;\">Les soir\u00e9es Long M\u00e9trange<\/h1>[\/et_pb_text][et_pb_text _builder_version=\u00a0\u00bb4.17.4&Prime; _module_preset=\u00a0\u00bbdefault\u00a0\u00bb global_colors_info=\u00a0\u00bb{}\u00a0\u00bb]<p style=\"text-align: center;\">Depuis l\u2019\u00e9dition 2018, le festival a initi\u00e9 une nouvelle d\u00e9marche, en gestation depuis de nombreuses ann\u00e9es (et exp\u00e9riment\u00e9e de mani\u00e8re ponctuelle) : faire dialoguer formats courts et longs m\u00e9trages.<\/p>\n<p style=\"text-align: center;\">En amont de sa comp\u00e9tition, le Festival Court M\u00e9trange vous propose d\u2019explorer l\u2019Histoire du cin\u00e9ma, u<span data-contrast=\"auto\">ne occasion de se replonger dans l\u2019histoire du cin\u00e9ma et de (re)voir sur grand \u00e9cran les classiques qui ont chang\u00e9 le visage de la SF. <\/span><span data-ccp-props=\"{&quot;335551550&quot;:6,&quot;335551620&quot;:6}\">\u00a0<\/span><\/p>\n<p style=\"text-align: center;\"><span data-contrast=\"auto\">Le cin\u00e9ma Arvor a le plaisir de nous ouvrir ses portes pour trois soir\u00e9es de projections\u202f: invasions extraterrestres, voyage intersid\u00e9ral et survies intergalactiques sont au rendez-vous\u202f! De quoi se mettre dans le bain Court M\u00e9trange.\u00a0<\/span><span data-ccp-props=\"{&quot;335551550&quot;:6,&quot;335551620&quot;:6}\">\u00a0<\/span><\/p>\n<p style=\"text-align: center;\"><span data-contrast=\"none\" xml:lang=\"FR-FR\" lang=\"FR-FR\" class=\"TextRun SCXW206087371 BCX0\"><span class=\"NormalTextRun SCXW206087371 BCX0\">Le cin\u00e9 Tambour de l&rsquo;universit\u00e9 de Rennes 2 a le plaisir cette ann\u00e9e encore de participer \u00e0 la c\u00e9l\u00e9bration du film de genre aux c\u00f4t\u00e9s du Festival Court M\u00e9trange. La science-fiction est \u00e0 l&rsquo;honneur avec un voyage aller-retour de l&rsquo;espace \u00e0 la Terre.<\/span><span class=\"NormalTextRun SCXW206087371 BCX0\"> <\/span><span class=\"NormalTextRun SCXW206087371 BCX0\">Bon voyage vers l&rsquo;infini, et ici-bas<\/span><span class=\"NormalTextRun SCXW206087371 BCX0\"> <\/span><span class=\"NormalTextRun SCXW206087371 BCX0\">!<\/span><\/span><span class=\"EOP SCXW206087371 BCX0\" data-ccp-props=\"{}\">\u00a0<\/span><\/p>[\/et_pb_text][\/et_pb_column][\/et_pb_row][et_pb_row _builder_version=\u00a0\u00bb4.16&Prime; _module_preset=\u00a0\u00bbdefault\u00a0\u00bb global_colors_info=\u00a0\u00bb{}\u00a0\u00bb][et_pb_column type=\u00a0\u00bb4_4&Prime; _builder_version=\u00a0\u00bb4.16&Prime; _module_preset=\u00a0\u00bbdefault\u00a0\u00bb global_colors_info=\u00a0\u00bb{}\u00a0\u00bb][et_pb_code _builder_version=\u00a0\u00bb4.17.4&Prime; _module_preset=\u00a0\u00bbdefault\u00a0\u00bb hover_enabled=\u00a0\u00bb0&Prime; global_colors_info=\u00a0\u00bb{}\u00a0\u00bb sticky_enabled=\u00a0\u00bb0&Prime;]<div class=\"ecs-no-events\"> <\/div><!-- [et_pb_line_break_holder] --><div class=\"ecs-no-events\"> <\/div>[\/et_pb_code][\/et_pb_column][\/et_pb_row][\/et_pb_section]","protected":false},"excerpt":{"rendered":"<p>Les soir\u00e9es Long M\u00e9trangeDepuis l\u2019\u00e9dition 2018, le festival a initi\u00e9 une nouvelle d\u00e9marche, en gestation depuis de nombreuses ann\u00e9es (et exp\u00e9riment\u00e9e de mani\u00e8re ponctuelle) : faire dialoguer formats courts et [&hellip;]<\/p>","protected":false},"author":1,"featured_media":0,"parent":0,"menu_order":0,"comment_status":"closed","ping_status":"closed","template":"","meta":{"_acf_changed":false,"_et_pb_use_builder":"on","_et_pb_old_content":"","_et_gb_content_width":"","footnotes":""},"class_list":["post-4317","page","type-page","status-publish","hentry"],"acf":[],"yoast_head":"<!-- This site is optimized with the Yoast SEO plugin v24.5 - https:\/\/yoast.com\/wordpress\/plugins\/seo\/ -->\n<title>Long M\u00e9trange 2022 - Court M\u00e9trange<\/title>\n<meta name=\"robots\" content=\"noindex, nofollow\" \/>\n<meta property=\"og:locale\" content=\"en_GB\" \/>\n<meta property=\"og:type\" content=\"article\" \/>\n<meta property=\"og:title\" content=\"Long M\u00e9trange 2022 - Court M\u00e9trange\" \/>\n<meta property=\"og:description\" content=\"Les soir\u00e9es Long M\u00e9trangeDepuis l\u2019\u00e9dition 2018, le festival a initi\u00e9 une nouvelle d\u00e9marche, en gestation depuis de nombreuses ann\u00e9es (et exp\u00e9riment\u00e9e de mani\u00e8re ponctuelle) : faire dialoguer formats courts et [&hellip;]\" \/>\n<meta property=\"og:url\" content=\"https:\/\/courtmetrange.eu\/en\/long-metrange-2022\/\" \/>\n<meta property=\"og:site_name\" content=\"Court M\u00e9trange\" \/>\n<meta property=\"article:publisher\" content=\"https:\/\/www.facebook.com\/CourtMetrange\/\" \/>\n<meta property=\"article:modified_time\" content=\"2024-04-17T08:10:57+00:00\" \/>\n<meta name=\"twitter:card\" content=\"summary_large_image\" \/>\n<meta name=\"twitter:site\" content=\"@courtmetrange\" \/>\n<meta name=\"twitter:label1\" content=\"Estimated reading time\" \/>\n\t<meta name=\"twitter:data1\" content=\"2 minutes\" \/>\n<script type=\"application\/ld+json\" class=\"yoast-schema-graph\">{\"@context\":\"https:\/\/schema.org\",\"@graph\":[{\"@type\":\"WebPage\",\"@id\":\"https:\/\/courtmetrange.eu\/long-metrange-2022\/\",\"url\":\"https:\/\/courtmetrange.eu\/long-metrange-2022\/\",\"name\":\"Long M\u00e9trange 2022 - Court M\u00e9trange\",\"isPartOf\":{\"@id\":\"https:\/\/courtmetrange.eu\/en\/#website\"},\"datePublished\":\"2022-06-22T12:29:41+00:00\",\"dateModified\":\"2024-04-17T08:10:57+00:00\",\"breadcrumb\":{\"@id\":\"https:\/\/courtmetrange.eu\/long-metrange-2022\/#breadcrumb\"},\"inLanguage\":\"en-GB\",\"potentialAction\":[{\"@type\":\"ReadAction\",\"target\":[\"https:\/\/courtmetrange.eu\/long-metrange-2022\/\"]}]},{\"@type\":\"BreadcrumbList\",\"@id\":\"https:\/\/courtmetrange.eu\/long-metrange-2022\/#breadcrumb\",\"itemListElement\":[{\"@type\":\"ListItem\",\"position\":1,\"name\":\"Accueil\",\"item\":\"https:\/\/courtmetrange.eu\/\"},{\"@type\":\"ListItem\",\"position\":2,\"name\":\"Long M\u00e9trange 2022\"}]},{\"@type\":\"WebSite\",\"@id\":\"https:\/\/courtmetrange.eu\/en\/#website\",\"url\":\"https:\/\/courtmetrange.eu\/en\/\",\"name\":\"Court M\u00e9trange\",\"description\":\"Festival International du court m\u00e9trage insolite et fantastique de Rennes\",\"publisher\":{\"@id\":\"https:\/\/courtmetrange.eu\/en\/#organization\"},\"potentialAction\":[{\"@type\":\"SearchAction\",\"target\":{\"@type\":\"EntryPoint\",\"urlTemplate\":\"https:\/\/courtmetrange.eu\/en\/?s={search_term_string}\"},\"query-input\":{\"@type\":\"PropertyValueSpecification\",\"valueRequired\":true,\"valueName\":\"search_term_string\"}}],\"inLanguage\":\"en-GB\"},{\"@type\":\"Organization\",\"@id\":\"https:\/\/courtmetrange.eu\/en\/#organization\",\"name\":\"Court M\u00e9trange\",\"url\":\"https:\/\/courtmetrange.eu\/en\/\",\"logo\":{\"@type\":\"ImageObject\",\"inLanguage\":\"en-GB\",\"@id\":\"https:\/\/courtmetrange.eu\/en\/#\/schema\/logo\/image\/\",\"url\":\"https:\/\/courtmetrange.eu\/wp-content\/uploads\/2020\/11\/Logo_CourtMetrange.svg\",\"contentUrl\":\"https:\/\/courtmetrange.eu\/wp-content\/uploads\/2020\/11\/Logo_CourtMetrange.svg\",\"width\":251,\"height\":127,\"caption\":\"Court M\u00e9trange\"},\"image\":{\"@id\":\"https:\/\/courtmetrange.eu\/en\/#\/schema\/logo\/image\/\"},\"sameAs\":[\"https:\/\/www.facebook.com\/CourtMetrange\/\",\"https:\/\/x.com\/courtmetrange\",\"https:\/\/www.instagram.com\/courtmetrange.rennes\/\",\"https:\/\/www.youtube.com\/channel\/UCbS9jcW3uiDQeGgZAT29Emw\/videos\"]}]}<\/script>\n<!-- \/ Yoast SEO plugin. -->","yoast_head_json":{"title":"Long M\u00e9trange 2022 - Court M\u00e9trange","robots":{"index":"noindex","follow":"nofollow"},"og_locale":"en_GB","og_type":"article","og_title":"Long M\u00e9trange 2022 - Court M\u00e9trange","og_description":"Les soir\u00e9es Long M\u00e9trangeDepuis l\u2019\u00e9dition 2018, le festival a initi\u00e9 une nouvelle d\u00e9marche, en gestation depuis de nombreuses ann\u00e9es (et exp\u00e9riment\u00e9e de mani\u00e8re ponctuelle) : faire dialoguer formats courts et [&hellip;]","og_url":"https:\/\/courtmetrange.eu\/en\/long-metrange-2022\/","og_site_name":"Court M\u00e9trange","article_publisher":"https:\/\/www.facebook.com\/CourtMetrange\/","article_modified_time":"2024-04-17T08:10:57+00:00","twitter_card":"summary_large_image","twitter_site":"@courtmetrange","twitter_misc":{"Estimated reading time":"2 minutes"},"schema":{"@context":"https:\/\/schema.org","@graph":[{"@type":"WebPage","@id":"https:\/\/courtmetrange.eu\/long-metrange-2022\/","url":"https:\/\/courtmetrange.eu\/long-metrange-2022\/","name":"Long M\u00e9trange 2022 - Court M\u00e9trange","isPartOf":{"@id":"https:\/\/courtmetrange.eu\/en\/#website"},"datePublished":"2022-06-22T12:29:41+00:00","dateModified":"2024-04-17T08:10:57+00:00","breadcrumb":{"@id":"https:\/\/courtmetrange.eu\/long-metrange-2022\/#breadcrumb"},"inLanguage":"en-GB","potentialAction":[{"@type":"ReadAction","target":["https:\/\/courtmetrange.eu\/long-metrange-2022\/"]}]},{"@type":"BreadcrumbList","@id":"https:\/\/courtmetrange.eu\/long-metrange-2022\/#breadcrumb","itemListElement":[{"@type":"ListItem","position":1,"name":"Accueil","item":"https:\/\/courtmetrange.eu\/"},{"@type":"ListItem","position":2,"name":"Long M\u00e9trange 2022"}]},{"@type":"WebSite","@id":"https:\/\/courtmetrange.eu\/en\/#website","url":"https:\/\/courtmetrange.eu\/en\/","name":"Court M\u00e9trange","description":"Festival International du court m\u00e9trage insolite et fantastique de Rennes","publisher":{"@id":"https:\/\/courtmetrange.eu\/en\/#organization"},"potentialAction":[{"@type":"SearchAction","target":{"@type":"EntryPoint","urlTemplate":"https:\/\/courtmetrange.eu\/en\/?s={search_term_string}"},"query-input":{"@type":"PropertyValueSpecification","valueRequired":true,"valueName":"search_term_string"}}],"inLanguage":"en-GB"},{"@type":"Organization","@id":"https:\/\/courtmetrange.eu\/en\/#organization","name":"Court M\u00e9trange","url":"https:\/\/courtmetrange.eu\/en\/","logo":{"@type":"ImageObject","inLanguage":"en-GB","@id":"https:\/\/courtmetrange.eu\/en\/#\/schema\/logo\/image\/","url":"https:\/\/courtmetrange.eu\/wp-content\/uploads\/2020\/11\/Logo_CourtMetrange.svg","contentUrl":"https:\/\/courtmetrange.eu\/wp-content\/uploads\/2020\/11\/Logo_CourtMetrange.svg","width":251,"height":127,"caption":"Court M\u00e9trange"},"image":{"@id":"https:\/\/courtmetrange.eu\/en\/#\/schema\/logo\/image\/"},"sameAs":["https:\/\/www.facebook.com\/CourtMetrange\/","https:\/\/x.com\/courtmetrange","https:\/\/www.instagram.com\/courtmetrange.rennes\/","https:\/\/www.youtube.com\/channel\/UCbS9jcW3uiDQeGgZAT29Emw\/videos"]}]}},"_links":{"self":[{"href":"https:\/\/courtmetrange.eu\/en\/wp-json\/wp\/v2\/pages\/4317","targetHints":{"allow":["GET"]}}],"collection":[{"href":"https:\/\/courtmetrange.eu\/en\/wp-json\/wp\/v2\/pages"}],"about":[{"href":"https:\/\/courtmetrange.eu\/en\/wp-json\/wp\/v2\/types\/page"}],"author":[{"embeddable":true,"href":"https:\/\/courtmetrange.eu\/en\/wp-json\/wp\/v2\/users\/1"}],"replies":[{"embeddable":true,"href":"https:\/\/courtmetrange.eu\/en\/wp-json\/wp\/v2\/comments?post=4317"}],"version-history":[{"count":7,"href":"https:\/\/courtmetrange.eu\/en\/wp-json\/wp\/v2\/pages\/4317\/revisions"}],"predecessor-version":[{"id":11575,"href":"https:\/\/courtmetrange.eu\/en\/wp-json\/wp\/v2\/pages\/4317\/revisions\/11575"}],"wp:attachment":[{"href":"https:\/\/courtmetrange.eu\/en\/wp-json\/wp\/v2\/media?parent=4317"}],"curies":[{"name":"wp","href":"https:\/\/api.w.org\/{rel}","templated":true}]}}