{"id":7526,"date":"2023-04-06T14:48:39","date_gmt":"2023-04-06T13:48:39","guid":{"rendered":"https:\/\/courtmetrange.eu\/?page_id=7526"},"modified":"2025-09-11T19:59:15","modified_gmt":"2025-09-11T17:59:15","slug":"7526-2","status":"publish","type":"page","link":"https:\/\/courtmetrange.eu\/en\/7526-2\/","title":{"rendered":"Espace Pros\/Presse"},"content":{"rendered":"<p>[et_pb_section fb_built=\u00a0\u00bb1&Prime; _builder_version=\u00a0\u00bb4.27.4&Prime; _module_preset=\u00a0\u00bbdefault\u00a0\u00bb background_color=\u00a0\u00bb#f4f4f4&Prime; hover_enabled=\u00a0\u00bb0&Prime; global_colors_info=\u00a0\u00bb{}\u00a0\u00bb title_text=\u00a0\u00bbfond papier 2&Prime; background_image=\u00a0\u00bbhttps:\/\/courtmetrange.eu\/wp-content\/uploads\/2025\/09\/fond-papier-2-scaled.jpg\u00a0\u00bb sticky_enabled=\u00a0\u00bb0&Prime;][et_pb_row _builder_version=\u00a0\u00bb4.27.4&Prime; _module_preset=\u00a0\u00bbdefault\u00a0\u00bb background_color=\u00a0\u00bbRGBA(255,255,255,0)\u00a0\u00bb custom_padding=\u00a0\u00bb2px|30px|4px|30px|false|false\u00a0\u00bb locked=\u00a0\u00bboff\u00a0\u00bb global_colors_info=\u00a0\u00bb{}\u00a0\u00bb][et_pb_column type=\u00a0\u00bb4_4&Prime; _builder_version=\u00a0\u00bb4.27.4&Prime; _module_preset=\u00a0\u00bbdefault\u00a0\u00bb global_colors_info=\u00a0\u00bb{}\u00a0\u00bb][et_pb_text _builder_version=\u00a0\u00bb4.27.4&Prime; _module_preset=\u00a0\u00bbdefault\u00a0\u00bb text_font=\u00a0\u00bb|||||on|||\u00a0\u00bb text_text_color=\u00a0\u00bb#000000&Prime; header_2_text_color=\u00a0\u00bb#cc3939&Prime; custom_margin=\u00a0\u00bb||11px|||\u00a0\u00bb custom_padding=\u00a0\u00bb27px||0px|||\u00a0\u00bb global_colors_info=\u00a0\u00bb{}\u00a0\u00bb]<\/p>\n<h2><span style=\"color: #22423a;\"><strong>ESPACE PRO\/PRESSE<\/strong><\/span><\/h2>\n<p>[\/et_pb_text][et_pb_divider color=\u00a0\u00bb#22423a\u00a0\u00bb divider_weight=\u00a0\u00bb4px\u00a0\u00bb _builder_version=\u00a0\u00bb4.27.4&Prime; _module_preset=\u00a0\u00bbdefault\u00a0\u00bb background_color=\u00a0\u00bbRGBA(255,255,255,0)\u00a0\u00bb custom_margin=\u00a0\u00bb||-1px|||\u00a0\u00bb custom_padding=\u00a0\u00bb||0px|||\u00a0\u00bb global_colors_info=\u00a0\u00bb{}\u00a0\u00bb][\/et_pb_divider][et_pb_menu menu_id=\u00a0\u00bb115&Prime; menu_style=\u00a0\u00bbcentered\u00a0\u00bb active_link_color=\u00a0\u00bb#FFFFFF\u00a0\u00bb logo_url=\u00a0\u00bbhttps:\/\/courtmetrange.eu\/festival-court-metrange-2025\/\u00a0\u00bb cart_icon_color=\u00a0\u00bb#FFFFFF\u00a0\u00bb search_icon_color=\u00a0\u00bb#FFFFFF\u00a0\u00bb menu_icon_color=\u00a0\u00bb#FFFFFF\u00a0\u00bb _builder_version=\u00a0\u00bb4.27.4&Prime; _module_preset=\u00a0\u00bbdefault\u00a0\u00bb menu_font=\u00a0\u00bb|700||on|||||\u00a0\u00bb menu_text_color=\u00a0\u00bb#FFFFFF\u00a0\u00bb background_color=\u00a0\u00bb#22423a\u00a0\u00bb background_layout=\u00a0\u00bbdark\u00a0\u00bb min_height=\u00a0\u00bb47px\u00a0\u00bb custom_margin=\u00a0\u00bb||-13px|||\u00a0\u00bb custom_padding=\u00a0\u00bb8px||0px|||\u00a0\u00bb border_color_all=\u00a0\u00bb#FFFFFF\u00a0\u00bb global_colors_info=\u00a0\u00bb{}\u00a0\u00bb][\/et_pb_menu][\/et_pb_column][\/et_pb_row][et_pb_row column_structure=\u00a0\u00bb1_2,1_2&Prime; _builder_version=\u00a0\u00bb4.27.4&Prime; _module_preset=\u00a0\u00bbdefault\u00a0\u00bb background_color=\u00a0\u00bbRGBA(255,255,255,0)\u00a0\u00bb custom_padding=\u00a0\u00bb|30px||30px|false|false\u00a0\u00bb locked=\u00a0\u00bboff\u00a0\u00bb global_colors_info=\u00a0\u00bb{}\u00a0\u00bb][et_pb_column type=\u00a0\u00bb1_2&Prime; _builder_version=\u00a0\u00bb4.16&Prime; _module_preset=\u00a0\u00bbdefault\u00a0\u00bb global_colors_info=\u00a0\u00bb{}\u00a0\u00bb][et_pb_text _builder_version=\u00a0\u00bb4.27.4&Prime; _module_preset=\u00a0\u00bbdefault\u00a0\u00bb text_font=\u00a0\u00bb|||||on|||\u00a0\u00bb text_text_color=\u00a0\u00bb#000000&Prime; header_2_text_color=\u00a0\u00bb#cc3939&Prime; custom_margin=\u00a0\u00bb||11px|||\u00a0\u00bb custom_padding=\u00a0\u00bb27px||0px|||\u00a0\u00bb global_colors_info=\u00a0\u00bb{}\u00a0\u00bb]<\/p>\n<h2><span style=\"color: #22423a;\"><strong>CONF\u00c9RENCE DE PRESSE<\/strong><\/span><\/h2>\n<p>[\/et_pb_text][et_pb_divider color=\u00a0\u00bb#22423a\u00a0\u00bb divider_weight=\u00a0\u00bb4px\u00a0\u00bb _builder_version=\u00a0\u00bb4.27.4&Prime; _module_preset=\u00a0\u00bbdefault\u00a0\u00bb background_color=\u00a0\u00bbRGBA(255,255,255,0)\u00a0\u00bb custom_margin=\u00a0\u00bb||-1px|||\u00a0\u00bb custom_padding=\u00a0\u00bb||0px|||\u00a0\u00bb global_colors_info=\u00a0\u00bb{}\u00a0\u00bb][\/et_pb_divider][et_pb_image src=\u00a0\u00bbhttps:\/\/courtmetrange.eu\/wp-content\/uploads\/2025\/08\/conference-de-presse.png\u00a0\u00bb title_text=\u00a0\u00bbconf\u00e9rence de presse\u00a0\u00bb _builder_version=\u00a0\u00bb4.27.4&Prime; _module_preset=\u00a0\u00bbdefault\u00a0\u00bb global_colors_info=\u00a0\u00bb{}\u00a0\u00bb][\/et_pb_image][et_pb_code _builder_version=\u00a0\u00bb4.27.4&Prime; _module_preset=\u00a0\u00bbdefault\u00a0\u00bb global_colors_info=\u00a0\u00bb{}\u00a0\u00bb]<\/p>\n<div style=\"position: relative; width: 100%; height: 0; padding-top: 41.8945%;<!-- [et_pb_line_break_holder] --> padding-bottom: 0; box-shadow: 0 2px 8px 0 rgba(63,69,81,0.16); margin-top: 1.6em; margin-bottom: 0.9em; overflow: hidden;<!-- [et_pb_line_break_holder] --> border-radius: 8px; will-change: transform;\u00a0\u00bb><!-- [et_pb_line_break_holder] -->  <iframe loading=\"lazy\" <!--no numeric noise key 1003-->    src=\u00a0\u00bbhttps:\/\/www.canva.com\/design\/DAGp-Nu4kno\/pBYjqmlZhuehIwJyIgkoOg\/watch?embed\u00a0\u00bb allowfullscreen=\u00a0\u00bballowfullscreen\u00a0\u00bb allow=\u00a0\u00bbfullscreen\u00a0\u00bb><!-- [et_pb_line_break_holder] -->  <\/iframe><!-- [et_pb_line_break_holder] --><\/div>\n<p><!-- [et_pb_line_break_holder] --><a href=\"https:\/\/www.canva.com\/design\/DAGp-Nu4kno\/pBYjqmlZhuehIwJyIgkoOg\/watch?utm_content=DAGp-Nu4kno&#038;utm_campaign=designshare&#038;utm_medium=embeds&#038;utm_source=link\" target=\"_blank\" rel=\"noopener\">Conf\u00e9rence de presse 2025<\/a> par Court M\u00e9trange[\/et_pb_code][et_pb_text _builder_version=\u00a0\u00bb4.27.4&Prime; _module_preset=\u00a0\u00bbdefault\u00a0\u00bb global_colors_info=\u00a0\u00bb{}\u00a0\u00bb]<\/p>\n<h5 style=\"text-align: center;\"><strong>Information et contact : contact@courtmetrange.eu<\/strong><\/h5>\n<p>[\/et_pb_text][et_pb_text _builder_version=\u00a0\u00bb4.27.4&Prime; _module_preset=\u00a0\u00bbdefault\u00a0\u00bb text_font=\u00a0\u00bb|||||on|||\u00a0\u00bb text_text_color=\u00a0\u00bb#000000&Prime; header_2_text_color=\u00a0\u00bb#cc3939&Prime; custom_margin=\u00a0\u00bb||11px|||\u00a0\u00bb custom_padding=\u00a0\u00bb27px||0px|||\u00a0\u00bb global_colors_info=\u00a0\u00bb{}\u00a0\u00bb]<\/p>\n<h2><span style=\"color: #22423a;\"><strong> ESPACE PRESSE<\/strong><\/span><\/h2>\n<p>[\/et_pb_text][et_pb_divider color=\u00a0\u00bb#22423a\u00a0\u00bb divider_weight=\u00a0\u00bb4px\u00a0\u00bb _builder_version=\u00a0\u00bb4.27.4&Prime; _module_preset=\u00a0\u00bbdefault\u00a0\u00bb background_color=\u00a0\u00bbRGBA(255,255,255,0)\u00a0\u00bb custom_margin=\u00a0\u00bb||-1px|||\u00a0\u00bb custom_padding=\u00a0\u00bb||0px|||\u00a0\u00bb global_colors_info=\u00a0\u00bb{}\u00a0\u00bb][\/et_pb_divider][et_pb_text _builder_version=\u00a0\u00bb4.27.4&Prime; _module_preset=\u00a0\u00bbdefault\u00a0\u00bb global_colors_info=\u00a0\u00bb{}\u00a0\u00bb]<\/p>\n<p data-start=\"154\" data-end=\"316\">Bienvenue dans l\u2019espace presse du Festival Court M\u00e9trange.<br data-start=\"212\" data-end=\"215\" \/>Vous y trouverez tous les outils n\u00e9cessaires pour pr\u00e9parer vos articles, interviews et reportages :<\/p>\n<ul data-start=\"318\" data-end=\"454\">\n<li data-start=\"318\" data-end=\"350\">\n<p data-start=\"320\" data-end=\"350\"><strong data-start=\"323\" data-end=\"348\">Communiqu\u00e9s de presse<\/strong><\/p>\n<\/li>\n<li data-start=\"351\" data-end=\"379\">\n<p data-start=\"353\" data-end=\"379\"><strong data-start=\"356\" data-end=\"377\">Dossier de presse<\/strong><\/p>\n<\/li>\n<li data-start=\"380\" data-end=\"454\">\n<p data-start=\"382\" data-end=\"454\"><strong data-start=\"385\" data-end=\"409\">Kit de communication<\/strong> (logos, visuels, affiches, bande-annonce\u2026)<\/p>\n<\/li>\n<\/ul>\n<p data-start=\"456\" data-end=\"681\">Ces documents sont t\u00e9l\u00e9chargeables librement et mis \u00e0 jour au fil des annonces du Festival.<br data-start=\"547\" data-end=\"550\" \/>Pour toute demande d\u2019informations compl\u00e9mentaires, d\u2019interview ou d\u2019accr\u00e9ditation presse, notre \u00e9quipe reste \u00e0 votre disposition.<\/p>\n<p data-start=\"683\" data-end=\"739\">\ud83d\udce9 <strong data-start=\"686\" data-end=\"704\">Contacts <\/strong>\u00a0: contact@courtmetrange.eu<\/p>\n<p>[\/et_pb_text][et_pb_button button_url=\u00a0\u00bbhttps:\/\/courtmetrange.eu\/wp-content\/uploads\/2025\/08\/Communique_de_presse_Festival_Court_Metrange_2025.pdf\u00a0\u00bb button_text=\u00a0\u00bbcommuniqu\u00e9 de presse\u00a0\u00bb button_alignment=\u00a0\u00bbcenter\u00a0\u00bb module_class=\u00a0\u00bbbtn-cm\u00a0\u00bb _builder_version=\u00a0\u00bb4.27.4&Prime; _module_preset=\u00a0\u00bbdefault\u00a0\u00bb custom_button=\u00a0\u00bbon\u00a0\u00bb button_text_color=\u00a0\u00bb#FFFFFF\u00a0\u00bb button_bg_color=\u00a0\u00bb#22423a\u00a0\u00bb button_border_radius=\u00a0\u00bb0px\u00a0\u00bb animation_style=\u00a0\u00bbslide\u00a0\u00bb hover_enabled=\u00a0\u00bb0&Prime; global_colors_info=\u00a0\u00bb{}\u00a0\u00bb button_bg_enable_color=\u00a0\u00bbon\u00a0\u00bb button_border_color=\u00a0\u00bbRGBA(255,255,255,0)\u00a0\u00bb sticky_enabled=\u00a0\u00bb0&Prime;][\/et_pb_button][et_pb_button button_url=\u00a0\u00bbhttps:\/\/drive.google.com\/drive\/folders\/1GNjAQ1W3z7U_hTHs3b4NEv4m4rknWV9d?usp=drive_link\u00a0\u00bb button_text=\u00a0\u00bbkit de communication \u00a0\u00bb button_alignment=\u00a0\u00bbcenter\u00a0\u00bb module_class=\u00a0\u00bbbtn-cm\u00a0\u00bb _builder_version=\u00a0\u00bb4.27.4&Prime; _module_preset=\u00a0\u00bbdefault\u00a0\u00bb custom_button=\u00a0\u00bbon\u00a0\u00bb button_text_color=\u00a0\u00bb#FFFFFF\u00a0\u00bb button_bg_color=\u00a0\u00bb#22423a\u00a0\u00bb button_border_radius=\u00a0\u00bb0px\u00a0\u00bb animation_style=\u00a0\u00bbslide\u00a0\u00bb hover_enabled=\u00a0\u00bb0&Prime; global_colors_info=\u00a0\u00bb{}\u00a0\u00bb button_bg_enable_color=\u00a0\u00bbon\u00a0\u00bb button_border_color=\u00a0\u00bbRGBA(255,255,255,0)\u00a0\u00bb sticky_enabled=\u00a0\u00bb0&Prime;][\/et_pb_button][et_pb_button button_url=\u00a0\u00bbhttps:\/\/courtmetrange.eu\/wp-content\/uploads\/2025\/09\/Livret_des_seances.pdf\u00a0\u00bb button_text=\u00a0\u00bbdossier de presse\u00a0\u00bb button_alignment=\u00a0\u00bbcenter\u00a0\u00bb module_class=\u00a0\u00bbbtn-cm\u00a0\u00bb _builder_version=\u00a0\u00bb4.27.4&Prime; _module_preset=\u00a0\u00bbdefault\u00a0\u00bb custom_button=\u00a0\u00bbon\u00a0\u00bb button_text_color=\u00a0\u00bb#FFFFFF\u00a0\u00bb button_bg_color=\u00a0\u00bb#22423a\u00a0\u00bb button_border_radius=\u00a0\u00bb0px\u00a0\u00bb animation_style=\u00a0\u00bbslide\u00a0\u00bb hover_enabled=\u00a0\u00bb0&Prime; global_colors_info=\u00a0\u00bb{}\u00a0\u00bb button_bg_enable_color=\u00a0\u00bbon\u00a0\u00bb button_border_color=\u00a0\u00bbRGBA(255,255,255,0)\u00a0\u00bb sticky_enabled=\u00a0\u00bb0&Prime;][\/et_pb_button][\/et_pb_column][et_pb_column type=\u00a0\u00bb1_2&Prime; _builder_version=\u00a0\u00bb4.16&Prime; _module_preset=\u00a0\u00bbdefault\u00a0\u00bb global_colors_info=\u00a0\u00bb{}\u00a0\u00bb][et_pb_text _builder_version=\u00a0\u00bb4.27.4&Prime; _module_preset=\u00a0\u00bbdefault\u00a0\u00bb text_font=\u00a0\u00bb|||||on|||\u00a0\u00bb text_text_color=\u00a0\u00bb#000000&Prime; header_2_text_color=\u00a0\u00bb#cc3939&Prime; custom_margin=\u00a0\u00bb||11px|||\u00a0\u00bb custom_padding=\u00a0\u00bb27px||0px|||\u00a0\u00bb global_colors_info=\u00a0\u00bb{}\u00a0\u00bb]<\/p>\n<h2><span style=\"color: #22423a;\"><strong>ACCR\u00c9DITATONS 2025<\/strong><\/span><\/h2>\n<p>[\/et_pb_text][et_pb_divider color=\u00a0\u00bb#22423a\u00a0\u00bb divider_weight=\u00a0\u00bb4px\u00a0\u00bb _builder_version=\u00a0\u00bb4.27.4&Prime; _module_preset=\u00a0\u00bbdefault\u00a0\u00bb background_color=\u00a0\u00bbRGBA(255,255,255,0)\u00a0\u00bb custom_margin=\u00a0\u00bb||-1px|||\u00a0\u00bb custom_padding=\u00a0\u00bb||0px|||\u00a0\u00bb global_colors_info=\u00a0\u00bb{}\u00a0\u00bb][\/et_pb_divider][et_pb_text _builder_version=\u00a0\u00bb4.27.4&Prime; _module_preset=\u00a0\u00bbdefault\u00a0\u00bb custom_padding=\u00a0\u00bb2px|||20px||\u00a0\u00bb animation_style=\u00a0\u00bbslide\u00a0\u00bb global_colors_info=\u00a0\u00bb{}\u00a0\u00bb]<\/p>\n<p data-start=\"102\" data-end=\"271\">Le Festival Court M\u00e9trange propose des <strong data-start=\"141\" data-end=\"166\">accr\u00e9ditations \u00e0 15 \u20ac<\/strong> pour les <strong data-start=\"176\" data-end=\"219\">professionnel\u00b7les, journalistes, m\u00e9dias<\/strong>, le r\u00e9seau <strong data-start=\"231\" data-end=\"245\">\u00c9mergences<\/strong> et les <strong data-start=\"253\" data-end=\"268\">\u00e9tudiant\u00b7es<\/strong>.<\/p>\n<p data-start=\"273\" data-end=\"366\">En plus de votre badge, profitez de nombreux avantages pendant toute la dur\u00e9e du festival :<\/p>\n<ul data-start=\"368\" data-end=\"755\">\n<li data-start=\"368\" data-end=\"431\">\n<p data-start=\"370\" data-end=\"431\"><strong data-start=\"373\" data-end=\"389\">Tarif r\u00e9duit<\/strong> \u00e0 5 \u20ac pour les s\u00e9ances (au lieu de 8 \u20ac)<\/p>\n<\/li>\n<li data-start=\"432\" data-end=\"488\">\n<p data-start=\"434\" data-end=\"488\"><strong data-start=\"437\" data-end=\"456\">1 place offerte<\/strong> pour la s\u00e9ance de votre choix (Cin\u00e9ma Path\u00e9 ou Cin\u00e9ma Arvor)<\/p>\n<\/li>\n<li data-start=\"489\" data-end=\"540\">\n<p data-start=\"491\" data-end=\"540\"><strong data-start=\"494\" data-end=\"526\">Invitations pour les soir\u00e9es<\/strong> du Festival<\/p>\n<\/li>\n<li data-start=\"541\" data-end=\"602\">\n<p data-start=\"543\" data-end=\"602\"><strong data-start=\"546\" data-end=\"566\">R\u00e9duction de 5 %<\/strong> au corner librairie <em data-start=\"587\" data-end=\"600\">L\u2019Astrolabe<\/em><\/p>\n<\/li>\n<li data-start=\"603\" data-end=\"664\">\n<p data-start=\"605\" data-end=\"664\"><strong data-start=\"608\" data-end=\"629\">R\u00e9duction de 10 %<\/strong> sur le merchandising du festival<\/p>\n<\/li>\n<li data-start=\"665\" data-end=\"755\">\n<p data-start=\"667\" data-end=\"755\"><strong data-start=\"670\" data-end=\"711\">3 mois d\u2019abonnement offerts \u00e0 Shadowz<\/strong> (r\u00e9serv\u00e9 aux 30 premi\u00e8res accr\u00e9ditations)<\/p>\n<\/li>\n<\/ul>\n<p data-start=\"757\" data-end=\"943\" style=\"text-align: center;\">\ud83d\udccd <strong data-start=\"760\" data-end=\"803\">Comment r\u00e9cup\u00e9rer votre accr\u00e9ditation ?<\/strong><br data-start=\"803\" data-end=\"806\" \/>Pr\u00e9sentez simplement le <strong data-start=\"830\" data-end=\"841\">QR code<\/strong> figurant sur votre billet au kiosque d\u2019accueil du <strong data-start=\"892\" data-end=\"912\">village M\u00e9trange<\/strong> \u00e0 partir du <strong data-start=\"925\" data-end=\"940\">1er octobre<\/strong><\/p>\n<ul><\/ul>\n<p>[\/et_pb_text][et_pb_code _builder_version=\u00a0\u00bb4.27.4&Prime; _module_preset=\u00a0\u00bbdefault\u00a0\u00bb global_colors_info=\u00a0\u00bb{}\u00a0\u00bb]<iframe","protected":false},"excerpt":{"rendered":"<p>ESPACE PRO\/PRESSECONF\u00c9RENCE DE PRESSE<\/p>","protected":false},"author":1,"featured_media":0,"parent":0,"menu_order":0,"comment_status":"closed","ping_status":"closed","template":"","meta":{"_acf_changed":false,"_et_pb_use_builder":"on","_et_pb_old_content":"","_et_gb_content_width":"","footnotes":""},"class_list":["post-7526","page","type-page","status-publish","hentry"],"acf":[],"yoast_head":"<!-- This site is optimized with the Yoast SEO plugin v24.5 - https:\/\/yoast.com\/wordpress\/plugins\/seo\/ -->\n<title>Espace Pros\/Presse - Court M\u00e9trange<\/title>\n<meta name=\"robots\" content=\"noindex, nofollow\" \/>\n<meta property=\"og:locale\" content=\"en_GB\" \/>\n<meta property=\"og:type\" content=\"article\" \/>\n<meta property=\"og:title\" content=\"Espace Pros\/Presse - Court M\u00e9trange\" \/>\n<meta property=\"og:description\" content=\"ESPACE PRO\/PRESSECONF\u00c9RENCE DE PRESSE\" \/>\n<meta property=\"og:url\" content=\"https:\/\/courtmetrange.eu\/en\/7526-2\/\" \/>\n<meta property=\"og:site_name\" content=\"Court M\u00e9trange\" \/>\n<meta property=\"article:publisher\" content=\"https:\/\/www.facebook.com\/CourtMetrange\/\" \/>\n<meta property=\"article:modified_time\" content=\"2025-09-11T17:59:15+00:00\" \/>\n<meta name=\"twitter:card\" content=\"summary_large_image\" \/>\n<meta name=\"twitter:site\" content=\"@courtmetrange\" \/>\n<meta name=\"twitter:label1\" content=\"Estimated reading time\" \/>\n\t<meta name=\"twitter:data1\" content=\"2 minutes\" \/>\n<script type=\"application\/ld+json\" class=\"yoast-schema-graph\">{\"@context\":\"https:\/\/schema.org\",\"@graph\":[{\"@type\":\"WebPage\",\"@id\":\"https:\/\/courtmetrange.eu\/7526-2\/\",\"url\":\"https:\/\/courtmetrange.eu\/7526-2\/\",\"name\":\"Espace Pros\/Presse - Court M\u00e9trange\",\"isPartOf\":{\"@id\":\"https:\/\/courtmetrange.eu\/en\/#website\"},\"datePublished\":\"2023-04-06T13:48:39+00:00\",\"dateModified\":\"2025-09-11T17:59:15+00:00\",\"breadcrumb\":{\"@id\":\"https:\/\/courtmetrange.eu\/7526-2\/#breadcrumb\"},\"inLanguage\":\"en-GB\",\"potentialAction\":[{\"@type\":\"ReadAction\",\"target\":[\"https:\/\/courtmetrange.eu\/7526-2\/\"]}]},{\"@type\":\"BreadcrumbList\",\"@id\":\"https:\/\/courtmetrange.eu\/7526-2\/#breadcrumb\",\"itemListElement\":[{\"@type\":\"ListItem\",\"position\":1,\"name\":\"Accueil\",\"item\":\"https:\/\/courtmetrange.eu\/\"},{\"@type\":\"ListItem\",\"position\":2,\"name\":\"Espace Pros\/Presse\"}]},{\"@type\":\"WebSite\",\"@id\":\"https:\/\/courtmetrange.eu\/en\/#website\",\"url\":\"https:\/\/courtmetrange.eu\/en\/\",\"name\":\"Court M\u00e9trange\",\"description\":\"Festival International du court m\u00e9trage insolite et fantastique de Rennes\",\"publisher\":{\"@id\":\"https:\/\/courtmetrange.eu\/en\/#organization\"},\"potentialAction\":[{\"@type\":\"SearchAction\",\"target\":{\"@type\":\"EntryPoint\",\"urlTemplate\":\"https:\/\/courtmetrange.eu\/en\/?s={search_term_string}\"},\"query-input\":{\"@type\":\"PropertyValueSpecification\",\"valueRequired\":true,\"valueName\":\"search_term_string\"}}],\"inLanguage\":\"en-GB\"},{\"@type\":\"Organization\",\"@id\":\"https:\/\/courtmetrange.eu\/en\/#organization\",\"name\":\"Court M\u00e9trange\",\"url\":\"https:\/\/courtmetrange.eu\/en\/\",\"logo\":{\"@type\":\"ImageObject\",\"inLanguage\":\"en-GB\",\"@id\":\"https:\/\/courtmetrange.eu\/en\/#\/schema\/logo\/image\/\",\"url\":\"https:\/\/courtmetrange.eu\/wp-content\/uploads\/2020\/11\/Logo_CourtMetrange.svg\",\"contentUrl\":\"https:\/\/courtmetrange.eu\/wp-content\/uploads\/2020\/11\/Logo_CourtMetrange.svg\",\"width\":251,\"height\":127,\"caption\":\"Court M\u00e9trange\"},\"image\":{\"@id\":\"https:\/\/courtmetrange.eu\/en\/#\/schema\/logo\/image\/\"},\"sameAs\":[\"https:\/\/www.facebook.com\/CourtMetrange\/\",\"https:\/\/x.com\/courtmetrange\",\"https:\/\/www.instagram.com\/courtmetrange.rennes\/\",\"https:\/\/www.youtube.com\/channel\/UCbS9jcW3uiDQeGgZAT29Emw\/videos\"]}]}<\/script>\n<!-- \/ Yoast SEO plugin. -->","yoast_head_json":{"title":"Espace Pros\/Presse - Court M\u00e9trange","robots":{"index":"noindex","follow":"nofollow"},"og_locale":"en_GB","og_type":"article","og_title":"Espace Pros\/Presse - Court M\u00e9trange","og_description":"ESPACE PRO\/PRESSECONF\u00c9RENCE DE PRESSE","og_url":"https:\/\/courtmetrange.eu\/en\/7526-2\/","og_site_name":"Court M\u00e9trange","article_publisher":"https:\/\/www.facebook.com\/CourtMetrange\/","article_modified_time":"2025-09-11T17:59:15+00:00","twitter_card":"summary_large_image","twitter_site":"@courtmetrange","twitter_misc":{"Estimated reading time":"2 minutes"},"schema":{"@context":"https:\/\/schema.org","@graph":[{"@type":"WebPage","@id":"https:\/\/courtmetrange.eu\/7526-2\/","url":"https:\/\/courtmetrange.eu\/7526-2\/","name":"Espace Pros\/Presse - Court M\u00e9trange","isPartOf":{"@id":"https:\/\/courtmetrange.eu\/en\/#website"},"datePublished":"2023-04-06T13:48:39+00:00","dateModified":"2025-09-11T17:59:15+00:00","breadcrumb":{"@id":"https:\/\/courtmetrange.eu\/7526-2\/#breadcrumb"},"inLanguage":"en-GB","potentialAction":[{"@type":"ReadAction","target":["https:\/\/courtmetrange.eu\/7526-2\/"]}]},{"@type":"BreadcrumbList","@id":"https:\/\/courtmetrange.eu\/7526-2\/#breadcrumb","itemListElement":[{"@type":"ListItem","position":1,"name":"Accueil","item":"https:\/\/courtmetrange.eu\/"},{"@type":"ListItem","position":2,"name":"Espace Pros\/Presse"}]},{"@type":"WebSite","@id":"https:\/\/courtmetrange.eu\/en\/#website","url":"https:\/\/courtmetrange.eu\/en\/","name":"Court M\u00e9trange","description":"Festival International du court m\u00e9trage insolite et fantastique de Rennes","publisher":{"@id":"https:\/\/courtmetrange.eu\/en\/#organization"},"potentialAction":[{"@type":"SearchAction","target":{"@type":"EntryPoint","urlTemplate":"https:\/\/courtmetrange.eu\/en\/?s={search_term_string}"},"query-input":{"@type":"PropertyValueSpecification","valueRequired":true,"valueName":"search_term_string"}}],"inLanguage":"en-GB"},{"@type":"Organization","@id":"https:\/\/courtmetrange.eu\/en\/#organization","name":"Court M\u00e9trange","url":"https:\/\/courtmetrange.eu\/en\/","logo":{"@type":"ImageObject","inLanguage":"en-GB","@id":"https:\/\/courtmetrange.eu\/en\/#\/schema\/logo\/image\/","url":"https:\/\/courtmetrange.eu\/wp-content\/uploads\/2020\/11\/Logo_CourtMetrange.svg","contentUrl":"https:\/\/courtmetrange.eu\/wp-content\/uploads\/2020\/11\/Logo_CourtMetrange.svg","width":251,"height":127,"caption":"Court M\u00e9trange"},"image":{"@id":"https:\/\/courtmetrange.eu\/en\/#\/schema\/logo\/image\/"},"sameAs":["https:\/\/www.facebook.com\/CourtMetrange\/","https:\/\/x.com\/courtmetrange","https:\/\/www.instagram.com\/courtmetrange.rennes\/","https:\/\/www.youtube.com\/channel\/UCbS9jcW3uiDQeGgZAT29Emw\/videos"]}]}},"_links":{"self":[{"href":"https:\/\/courtmetrange.eu\/en\/wp-json\/wp\/v2\/pages\/7526","targetHints":{"allow":["GET"]}}],"collection":[{"href":"https:\/\/courtmetrange.eu\/en\/wp-json\/wp\/v2\/pages"}],"about":[{"href":"https:\/\/courtmetrange.eu\/en\/wp-json\/wp\/v2\/types\/page"}],"author":[{"embeddable":true,"href":"https:\/\/courtmetrange.eu\/en\/wp-json\/wp\/v2\/users\/1"}],"replies":[{"embeddable":true,"href":"https:\/\/courtmetrange.eu\/en\/wp-json\/wp\/v2\/comments?post=7526"}],"version-history":[{"count":68,"href":"https:\/\/courtmetrange.eu\/en\/wp-json\/wp\/v2\/pages\/7526\/revisions"}],"predecessor-version":[{"id":14214,"href":"https:\/\/courtmetrange.eu\/en\/wp-json\/wp\/v2\/pages\/7526\/revisions\/14214"}],"wp:attachment":[{"href":"https:\/\/courtmetrange.eu\/en\/wp-json\/wp\/v2\/media?parent=7526"}],"curies":[{"name":"wp","href":"https:\/\/api.w.org\/{rel}","templated":true}]}}