{"id":8964,"date":"2023-05-23T12:13:01","date_gmt":"2023-05-23T11:13:01","guid":{"rendered":"https:\/\/courtmetrange.eu\/?page_id=8964"},"modified":"2025-06-05T17:16:05","modified_gmt":"2025-06-05T15:16:05","slug":"les-ressources-pedagogiques","status":"publish","type":"page","link":"https:\/\/courtmetrange.eu\/en\/les-ressources-pedagogiques\/","title":{"rendered":"INFOS PRATIQUES PJP"},"content":{"rendered":"<p>[et_pb_section fb_built=\u00a0\u00bb1&Prime; _builder_version=\u00a0\u00bb4.27.4&Prime; _module_preset=\u00a0\u00bbdefault\u00a0\u00bb background_color=\u00a0\u00bb#f6f6f6&Prime; background_enable_image=\u00a0\u00bboff\u00a0\u00bb background_position=\u00a0\u00bbtop_left\u00a0\u00bb background_horizontal_offset=\u00a0\u00bb17%\u00a0\u00bb background_vertical_offset=\u00a0\u00bb0%\u00a0\u00bb min_height=\u00a0\u00bb1309.9px\u00a0\u00bb custom_margin=\u00a0\u00bb2px|||||\u00a0\u00bb custom_padding=\u00a0\u00bb0px||2px|||\u00a0\u00bb hover_enabled=\u00a0\u00bb0&Prime; global_colors_info=\u00a0\u00bb{}\u00a0\u00bb sticky_enabled=\u00a0\u00bb0&Prime; locked=\u00a0\u00bboff\u00a0\u00bb][et_pb_row _builder_version=\u00a0\u00bb4.27.4&Prime; _module_preset=\u00a0\u00bbdefault\u00a0\u00bb background_color=\u00a0\u00bbRGBA(255,255,255,0)\u00a0\u00bb custom_padding=\u00a0\u00bb2px|30px|4px|30px|false|false\u00a0\u00bb hover_enabled=\u00a0\u00bb0&Prime; locked=\u00a0\u00bboff\u00a0\u00bb global_colors_info=\u00a0\u00bb{}\u00a0\u00bb sticky_enabled=\u00a0\u00bb0&Prime;][et_pb_column type=\u00a0\u00bb4_4&Prime; _builder_version=\u00a0\u00bb4.27.4&Prime; _module_preset=\u00a0\u00bbdefault\u00a0\u00bb global_colors_info=\u00a0\u00bb{}\u00a0\u00bb][et_pb_text _builder_version=\u00a0\u00bb4.27.4&Prime; _module_preset=\u00a0\u00bbdefault\u00a0\u00bb text_font=\u00a0\u00bb|||||on|||\u00a0\u00bb text_text_color=\u00a0\u00bb#000000&Prime; header_2_text_color=\u00a0\u00bb#cc3939&Prime; custom_margin=\u00a0\u00bb||11px|||\u00a0\u00bb custom_padding=\u00a0\u00bb27px||0px|||\u00a0\u00bb global_colors_info=\u00a0\u00bb{}\u00a0\u00bb]<\/p>\n<h2><strong>PRACTICAL INFO<\/strong><\/h2>\n<p>[\/et_pb_text][et_pb_divider color=\u00a0\u00bb#cc3939&Prime; divider_weight=\u00a0\u00bb4px\u00a0\u00bb _builder_version=\u00a0\u00bb4.27.4&Prime; _module_preset=\u00a0\u00bbdefault\u00a0\u00bb background_color=\u00a0\u00bbRGBA(255,255,255,0)\u00a0\u00bb custom_margin=\u00a0\u00bb||-1px|||\u00a0\u00bb custom_padding=\u00a0\u00bb||0px|||\u00a0\u00bb global_colors_info=\u00a0\u00bb{}\u00a0\u00bb][\/et_pb_divider][et_pb_menu menu_id=\u00a0\u00bb115&Prime; menu_style=\u00a0\u00bbcentered\u00a0\u00bb active_link_color=\u00a0\u00bb#FFFFFF\u00a0\u00bb logo_url=\u00a0\u00bbhttps:\/\/courtmetrange.eu\/festival-court-metrange-2025\/\u00a0\u00bb cart_icon_color=\u00a0\u00bb#FFFFFF\u00a0\u00bb search_icon_color=\u00a0\u00bb#FFFFFF\u00a0\u00bb menu_icon_color=\u00a0\u00bb#FFFFFF\u00a0\u00bb _builder_version=\u00a0\u00bb4.27.4&Prime; _module_preset=\u00a0\u00bbdefault\u00a0\u00bb menu_font=\u00a0\u00bb|700||on|||||\u00a0\u00bb menu_text_color=\u00a0\u00bb#FFFFFF\u00a0\u00bb background_color=\u00a0\u00bb#cc3939&Prime; background_layout=\u00a0\u00bbdark\u00a0\u00bb min_height=\u00a0\u00bb47px\u00a0\u00bb custom_margin=\u00a0\u00bb||-13px|||\u00a0\u00bb custom_padding=\u00a0\u00bb8px||0px|||\u00a0\u00bb border_color_all=\u00a0\u00bb#FFFFFF\u00a0\u00bb global_colors_info=\u00a0\u00bb{}\u00a0\u00bb][\/et_pb_menu][\/et_pb_column][\/et_pb_row][et_pb_row _builder_version=\u00a0\u00bb4.27.4&Prime; _module_preset=\u00a0\u00bbdefault\u00a0\u00bb column_structure=\u00a0\u00bb1_2,1_2&Prime; custom_padding=\u00a0\u00bb38px|30px||30px|false|false\u00a0\u00bb hover_enabled=\u00a0\u00bb0&Prime; sticky_enabled=\u00a0\u00bb0&Prime;][et_pb_column _builder_version=\u00a0\u00bb4.27.4&Prime; _module_preset=\u00a0\u00bbdefault\u00a0\u00bb type=\u00a0\u00bb1_2&Prime;][et_pb_code _builder_version=\u00a0\u00bb4.27.4&Prime; _module_preset=\u00a0\u00bbdefault\u00a0\u00bb hover_enabled=\u00a0\u00bb0&Prime; sticky_enabled=\u00a0\u00bb0&Prime;][\/et_pb_code][et_pb_text _builder_version=\u00a0\u00bb4.27.4&Prime; _module_preset=\u00a0\u00bbdefault\u00a0\u00bb background_color=\u00a0\u00bbRGBA(255,255,255,0)\u00a0\u00bb custom_margin=\u00a0\u00bb||-29px|||\u00a0\u00bb custom_padding=\u00a0\u00bb0px|||||\u00a0\u00bb link_option_url=\u00a0\u00bbhttps:\/\/www.reseau-canope.fr\/cndpfileadmin\/pour-memoire\/larmistice-du-11-novembre-1918\/la-grande-guerre-sur-les-ecrans-de-cinema\/le-vocabulaire-a-connaitre-pour-lanalyse-dextraits-de-films-et-dimages-photographies-affiches\/\u00a0\u00bb hover_enabled=\u00a0\u00bb0&Prime; global_colors_info=\u00a0\u00bb{}\u00a0\u00bb sticky_enabled=\u00a0\u00bb0&Prime;]<\/p>\n<ul>\n<li>\n<h5><span style=\"font-family: inherit; font-weight: normal; color: #000000;\">The vocabulary to know for the analysis of films and pictures (R\u00e9seaux Canop\u00e9)<\/span><\/h5>\n<\/li>\n<li>\n<h5><span style=\"font-family: inherit; font-weight: normal; color: #000000;\"><a href=\"https:\/\/www.cnc.fr\/cinema\/education-a-l-image\" style=\"color: #000000;\">\u00c9ducation \u00e0 l&rsquo;image (CNC)<\/a><\/span><\/h5>\n<\/li>\n<li>\n<h5><span style=\"color: #000000; font-family: inherit; font-weight: normal;\"><a href=\"https:\/\/courtmetrange.eu\/en\/metrange-nomade-3\/\" style=\"color: #000000;\">M\u00e9trange Nomade Device<\/a><\/span><\/h5>\n<\/li>\n<\/ul>\n<h5><span style=\"color: #000000;\"><strong>Les financements<\/strong><\/span><\/h5>\n<ul>\n<li>\n<h5><span style=\"color: #000000;\"><a href=\"https:\/\/pass.culture.fr\/\" style=\"color: #000000;\">Pass culture<\/a><\/span><\/h5>\n<\/li>\n<li>\n<h5><span style=\"color: #000000;\"><a href=\"https:\/\/www.ille-et-vilaine.fr\/article\/fonds-d-accompagnement-artistique-et-territorial-faat\" style=\"color: #000000;\"><span style=\"font-weight: 400;\">Fonds d&rsquo;accompagnement artistique et territorial (FAAT)<\/span><\/a><\/span><\/h5>\n<\/li>\n<li>\n<h5><span style=\"color: #000000;\"><a href=\"https:\/\/www.bretagne.bzh\/aides\/fiches\/projets-educatifs-lycees-karta-bretagne\/\" style=\"color: #000000;\"><span style=\"font-weight: 400;\">Karta<\/span><\/a><\/span><\/h5>\n<\/li>\n<li>\n<h5><span style=\"color: #000000;\"><a href=\"https:\/\/daac.ac-rennes.fr\/\" style=\"color: #000000;\"><span style=\"font-weight: 400;\">DAAC<\/span><\/a><\/span><\/h5>\n<\/li>\n<li>\n<h5><span style=\"color: #000000;\"><a href=\"https:\/\/daac.ac-rennes.fr\/spip.php?rubrique276\" style=\"color: #000000;\"><span style=\"font-weight: 400;\">Adage<\/span><\/a><\/span><\/h5>\n<\/li>\n<\/ul>\n<h5><\/h5>\n<p>[\/et_pb_text][\/et_pb_column][et_pb_column _builder_version=\u00a0\u00bb4.27.4&Prime; _module_preset=\u00a0\u00bbdefault\u00a0\u00bb type=\u00a0\u00bb1_2&Prime;][et_pb_code _builder_version=\u00a0\u00bb4.25.1&Prime; _module_preset=\u00a0\u00bbdefault\u00a0\u00bb custom_padding=\u00a0\u00bb||72px|||\u00a0\u00bb global_colors_info=\u00a0\u00bb{}\u00a0\u00bb]<iframe loading=\"lazy\" src=\"https:\/\/www.google.com\/maps\/d\/u\/1\/embed?mid=1oruezBRdAXKPkv6mwO8Z6K9tSWLz9Q4&#038;ehbc=2E312F\" width=\"640\" height=\"480\"><\/iframe>[\/et_pb_code][\/et_pb_column][\/et_pb_row][et_pb_row column_structure=\u00a0\u00bb1_4,1_4,1_4,1_4&Prime; _builder_version=\u00a0\u00bb4.27.4&Prime; _module_preset=\u00a0\u00bbdefault\u00a0\u00bb background_color=\u00a0\u00bbRGBA(255,255,255,0)\u00a0\u00bb custom_padding=\u00a0\u00bb|30px|0px|30px|false|false\u00a0\u00bb global_colors_info=\u00a0\u00bb{}\u00a0\u00bb][et_pb_column type=\u00a0\u00bb1_4&Prime; _builder_version=\u00a0\u00bb4.25.1&Prime; _module_preset=\u00a0\u00bbdefault\u00a0\u00bb global_colors_info=\u00a0\u00bb{}\u00a0\u00bb][et_pb_image src=\u00a0\u00bbhttps:\/\/courtmetrange.eu\/wp-content\/uploads\/2025\/06\/1.png\u00a0\u00bb title_text=\u00a0\u00bb1&Prime; url=\u00a0\u00bbhttps:\/\/forms.gle\/VzfFH8NSuWUAZbDPA\u00a0\u00bb use_overlay=\u00a0\u00bbon\u00a0\u00bb overlay_icon_color=\u00a0\u00bb#000000&Prime; hover_overlay_color=\u00a0\u00bbrgba(255,219,79,0.71)\u00a0\u00bb align=\u00a0\u00bbcenter\u00a0\u00bb _builder_version=\u00a0\u00bb4.27.4&Prime; _module_preset=\u00a0\u00bbdefault\u00a0\u00bb width=\u00a0\u00bb84.7%\u00a0\u00bb max_width=\u00a0\u00bb85%\u00a0\u00bb custom_margin=\u00a0\u00bb0px||0px||false|false\u00a0\u00bb custom_padding=\u00a0\u00bb|1px|0px||false|false\u00a0\u00bb hover_enabled=\u00a0\u00bb0&Prime; border_radii=\u00a0\u00bbon|45px|45px|45px|45px\u00a0\u00bb global_colors_info=\u00a0\u00bb{}\u00a0\u00bb sticky_enabled=\u00a0\u00bb0&Prime;][\/et_pb_image][et_pb_text _builder_version=\u00a0\u00bb4.27.4&Prime; _module_preset=\u00a0\u00bbdefault\u00a0\u00bb text_font=\u00a0\u00bb||||||||\u00a0\u00bb text_text_color=\u00a0\u00bb#cc3939&Prime; header_3_text_color=\u00a0\u00bb#cc3939&Prime; min_height=\u00a0\u00bb105px\u00a0\u00bb custom_margin=\u00a0\u00bb0px||0px||false|false\u00a0\u00bb custom_padding=\u00a0\u00bb0px||0px|||\u00a0\u00bb link_option_url=\u00a0\u00bbhttps:\/\/courtmetrange.eu\/?page_id=8964&#038;et_fb=1&#038;PageSpeed=off\u00a0\u00bb hover_enabled=\u00a0\u00bb0&Prime; global_colors_info=\u00a0\u00bb{}\u00a0\u00bb sticky_enabled=\u00a0\u00bb0&Prime; module_alignment=\u00a0\u00bbcenter\u00a0\u00bb]<\/p>\n<h3 style=\"text-align: center;\"><span style=\"color: #6b745f;\"><strong>INSCRIPTIONS<\/strong><\/span><\/h3>\n<p>[\/et_pb_text][\/et_pb_column][et_pb_column type=\u00a0\u00bb1_4&Prime; _builder_version=\u00a0\u00bb4.25.1&Prime; _module_preset=\u00a0\u00bbdefault\u00a0\u00bb global_colors_info=\u00a0\u00bb{}\u00a0\u00bb][et_pb_image src=\u00a0\u00bbhttps:\/\/courtmetrange.eu\/wp-content\/uploads\/2025\/06\/3.png\u00a0\u00bb title_text=\u00a0\u00bb3&Prime; url=\u00a0\u00bb@ET-DC@eyJkeW5hbWljIjp0cnVlLCJjb250ZW50IjoicG9zdF9saW5rX3VybF9wYWdlIiwic2V0dGluZ3MiOnsicG9zdF9pZCI6IjExODA4In19@\u00a0\u00bb use_overlay=\u00a0\u00bbon\u00a0\u00bb overlay_icon_color=\u00a0\u00bb#000000&Prime; hover_overlay_color=\u00a0\u00bbrgba(255,219,79,0.71)\u00a0\u00bb align=\u00a0\u00bbcenter\u00a0\u00bb _builder_version=\u00a0\u00bb4.27.4&Prime; _dynamic_attributes=\u00a0\u00bburl\u00a0\u00bb _module_preset=\u00a0\u00bbdefault\u00a0\u00bb width=\u00a0\u00bb85%\u00a0\u00bb max_width=\u00a0\u00bb85%\u00a0\u00bb min_height=\u00a0\u00bb118.7px\u00a0\u00bb custom_margin=\u00a0\u00bb-2px||-2px||true|\u00a0\u00bb custom_padding=\u00a0\u00bb0px|0px||||\u00a0\u00bb hover_enabled=\u00a0\u00bb0&Prime; border_radii=\u00a0\u00bbon|45px|45px|45px|45px\u00a0\u00bb global_colors_info=\u00a0\u00bb{}\u00a0\u00bb sticky_enabled=\u00a0\u00bb0&Prime;][\/et_pb_image][et_pb_text _builder_version=\u00a0\u00bb4.27.4&Prime; _module_preset=\u00a0\u00bbdefault\u00a0\u00bb text_font=\u00a0\u00bb||||||||\u00a0\u00bb text_text_color=\u00a0\u00bb#cc3939&Prime; header_3_text_color=\u00a0\u00bb#cc3939&Prime; min_height=\u00a0\u00bb105px\u00a0\u00bb custom_margin=\u00a0\u00bb0px||0px||false|false\u00a0\u00bb custom_padding=\u00a0\u00bb0px||0px|||\u00a0\u00bb link_option_url=\u00a0\u00bbhttps:\/\/courtmetrange.eu\/?page_id=8964&#038;et_fb=1&#038;PageSpeed=off\u00a0\u00bb hover_enabled=\u00a0\u00bb0&Prime; global_colors_info=\u00a0\u00bb{}\u00a0\u00bb sticky_enabled=\u00a0\u00bb0&Prime; module_alignment=\u00a0\u00bbcenter\u00a0\u00bb]<\/p>\n<h3 style=\"text-align: center;\"><strong><span style=\"color: #6b745f;\">RESSOURCES P\u00c9DAGOGIQUES<\/span><\/strong><\/h3>\n<p>[\/et_pb_text][\/et_pb_column][et_pb_column type=\u00a0\u00bb1_4&Prime; _builder_version=\u00a0\u00bb4.25.1&Prime; _module_preset=\u00a0\u00bbdefault\u00a0\u00bb global_colors_info=\u00a0\u00bb{}\u00a0\u00bb][et_pb_image src=\u00a0\u00bbhttps:\/\/courtmetrange.eu\/wp-content\/uploads\/2025\/06\/2.png\u00a0\u00bb title_text=\u00a0\u00bb2&Prime; url=\u00a0\u00bbhttps:\/\/courtmetrange.eu\/les-ressources-pedagogiques\/\u00a0\u00bb use_overlay=\u00a0\u00bbon\u00a0\u00bb overlay_icon_color=\u00a0\u00bb#000000&Prime; hover_overlay_color=\u00a0\u00bbrgba(255,219,79,0.71)\u00a0\u00bb align=\u00a0\u00bbcenter\u00a0\u00bb _builder_version=\u00a0\u00bb4.27.4&Prime; _module_preset=\u00a0\u00bbdefault\u00a0\u00bb width=\u00a0\u00bb85%\u00a0\u00bb max_width=\u00a0\u00bb85%\u00a0\u00bb custom_margin=\u00a0\u00bb1px||-8px|||\u00a0\u00bb custom_padding=\u00a0\u00bb|0px|3px|||\u00a0\u00bb hover_enabled=\u00a0\u00bb0&Prime; border_radii=\u00a0\u00bbon|45px|45px|45px|45px\u00a0\u00bb global_colors_info=\u00a0\u00bb{}\u00a0\u00bb sticky_enabled=\u00a0\u00bb0&Prime;][\/et_pb_image][et_pb_text _builder_version=\u00a0\u00bb4.27.4&Prime; _module_preset=\u00a0\u00bbdefault\u00a0\u00bb text_font=\u00a0\u00bb||||||||\u00a0\u00bb text_text_color=\u00a0\u00bb#cc3939&Prime; header_3_text_color=\u00a0\u00bb#cc3939&Prime; min_height=\u00a0\u00bb105px\u00a0\u00bb custom_margin=\u00a0\u00bb0px||0px||false|false\u00a0\u00bb custom_padding=\u00a0\u00bb0px||0px|||\u00a0\u00bb link_option_url=\u00a0\u00bbhttps:\/\/courtmetrange.eu\/?page_id=8964&#038;et_fb=1&#038;PageSpeed=off\u00a0\u00bb hover_enabled=\u00a0\u00bb0&Prime; global_colors_info=\u00a0\u00bb{}\u00a0\u00bb sticky_enabled=\u00a0\u00bb0&Prime;]<\/p>\n<h3 style=\"text-align: center;\"><span style=\"color: #6b745f;\"><strong>PRACTICAL INFO<\/strong><\/span><\/h3>\n<p>[\/et_pb_text][\/et_pb_column][et_pb_column type=\u00a0\u00bb1_4&Prime; _builder_version=\u00a0\u00bb4.25.1&Prime; _module_preset=\u00a0\u00bbdefault\u00a0\u00bb global_colors_info=\u00a0\u00bb{}\u00a0\u00bb][et_pb_image src=\u00a0\u00bbhttps:\/\/courtmetrange.eu\/wp-content\/uploads\/2025\/06\/4.png\u00a0\u00bb title_text=\u00a0\u00bb4&Prime; url=\u00a0\u00bbhttps:\/\/courtmetrange.eu\/concours-metrange-3\/\u00a0\u00bb use_overlay=\u00a0\u00bbon\u00a0\u00bb overlay_icon_color=\u00a0\u00bb#000000&Prime; hover_overlay_color=\u00a0\u00bbrgba(255,219,79,0.71)\u00a0\u00bb hover_icon=\u00a0\u00bb&#xe050;||divi||400&Prime; align=\u00a0\u00bbcenter\u00a0\u00bb _builder_version=\u00a0\u00bb4.27.4&Prime; _module_preset=\u00a0\u00bbdefault\u00a0\u00bb width=\u00a0\u00bb76.7%\u00a0\u00bb max_width=\u00a0\u00bb85%\u00a0\u00bb custom_margin=\u00a0\u00bb||-15px|||\u00a0\u00bb custom_padding=\u00a0\u00bb0px|0px|27px|||\u00a0\u00bb hover_enabled=\u00a0\u00bb0&Prime; border_radii=\u00a0\u00bbon|45px|45px|45px|45px\u00a0\u00bb global_colors_info=\u00a0\u00bb{}\u00a0\u00bb sticky_enabled=\u00a0\u00bb0&Prime;][\/et_pb_image][et_pb_text _builder_version=\u00a0\u00bb4.27.4&Prime; _module_preset=\u00a0\u00bbdefault\u00a0\u00bb text_font=\u00a0\u00bb||||||||\u00a0\u00bb text_text_color=\u00a0\u00bb#cc3939&Prime; header_3_text_color=\u00a0\u00bb#cc3939&Prime; min_height=\u00a0\u00bb105px\u00a0\u00bb custom_margin=\u00a0\u00bb0px||0px||false|false\u00a0\u00bb custom_padding=\u00a0\u00bb0px||0px|||\u00a0\u00bb link_option_url=\u00a0\u00bbhttps:\/\/courtmetrange.eu\/?page_id=8964&#038;et_fb=1&#038;PageSpeed=off\u00a0\u00bb hover_enabled=\u00a0\u00bb0&Prime; global_colors_info=\u00a0\u00bb{}\u00a0\u00bb sticky_enabled=\u00a0\u00bb0&Prime;]<\/p>\n<h3 style=\"text-align: center;\"><span style=\"color: #6b745f;\"><strong>CONCOURS M\u00c9TRANGE<\/strong><\/span><\/h3>\n<p>[\/et_pb_text][\/et_pb_column][\/et_pb_row][\/et_pb_section]<\/p>","protected":false},"excerpt":{"rendered":"<p>INFOS PRATIQUES Le vocabulaire \u00e0 conna\u00eetre pour l&rsquo;analyse de films et d&rsquo;images (R\u00e9seaux Canop\u00e9) \u00c9ducation \u00e0 l&rsquo;image (CNC) Dispositif M\u00e9trange Nomade Les financements Pass culture Fonds d&rsquo;accompagnement artistique et territorial [&hellip;]<\/p>","protected":false},"author":1,"featured_media":0,"parent":0,"menu_order":0,"comment_status":"closed","ping_status":"closed","template":"","meta":{"_acf_changed":false,"_et_pb_use_builder":"on","_et_pb_old_content":"","_et_gb_content_width":"","footnotes":""},"class_list":["post-8964","page","type-page","status-publish","hentry"],"acf":[],"yoast_head":"<!-- This site is optimized with the Yoast SEO plugin v24.5 - https:\/\/yoast.com\/wordpress\/plugins\/seo\/ -->\n<title>INFOS PRATIQUES PJP - Court M\u00e9trange<\/title>\n<meta name=\"robots\" content=\"index, follow, max-snippet:-1, max-image-preview:large, max-video-preview:-1\" \/>\n<link rel=\"canonical\" href=\"https:\/\/courtmetrange.eu\/en\/les-ressources-pedagogiques\/\" \/>\n<meta property=\"og:locale\" content=\"en_GB\" \/>\n<meta property=\"og:type\" content=\"article\" \/>\n<meta property=\"og:title\" content=\"INFOS PRATIQUES PJP - Court M\u00e9trange\" \/>\n<meta property=\"og:description\" content=\"INFOS PRATIQUES Le vocabulaire \u00e0 conna\u00eetre pour l&#039;analyse de films et d&#039;images (R\u00e9seaux Canop\u00e9) \u00c9ducation \u00e0 l&#039;image (CNC) Dispositif M\u00e9trange Nomade Les financements Pass culture Fonds d&#039;accompagnement artistique et territorial [&hellip;]\" \/>\n<meta property=\"og:url\" content=\"https:\/\/courtmetrange.eu\/en\/les-ressources-pedagogiques\/\" \/>\n<meta property=\"og:site_name\" content=\"Court M\u00e9trange\" \/>\n<meta property=\"article:publisher\" content=\"https:\/\/www.facebook.com\/CourtMetrange\/\" \/>\n<meta property=\"article:modified_time\" content=\"2025-06-05T15:16:05+00:00\" \/>\n<meta name=\"twitter:card\" content=\"summary_large_image\" \/>\n<meta name=\"twitter:site\" content=\"@courtmetrange\" \/>\n<meta name=\"twitter:label1\" content=\"Estimated reading time\" \/>\n\t<meta name=\"twitter:data1\" content=\"5 minutes\" \/>\n<script type=\"application\/ld+json\" class=\"yoast-schema-graph\">{\"@context\":\"https:\/\/schema.org\",\"@graph\":[{\"@type\":\"WebPage\",\"@id\":\"https:\/\/courtmetrange.eu\/les-ressources-pedagogiques\/\",\"url\":\"https:\/\/courtmetrange.eu\/les-ressources-pedagogiques\/\",\"name\":\"INFOS PRATIQUES PJP - Court M\u00e9trange\",\"isPartOf\":{\"@id\":\"https:\/\/courtmetrange.eu\/en\/#website\"},\"datePublished\":\"2023-05-23T11:13:01+00:00\",\"dateModified\":\"2025-06-05T15:16:05+00:00\",\"breadcrumb\":{\"@id\":\"https:\/\/courtmetrange.eu\/les-ressources-pedagogiques\/#breadcrumb\"},\"inLanguage\":\"en-GB\",\"potentialAction\":[{\"@type\":\"ReadAction\",\"target\":[\"https:\/\/courtmetrange.eu\/les-ressources-pedagogiques\/\"]}]},{\"@type\":\"BreadcrumbList\",\"@id\":\"https:\/\/courtmetrange.eu\/les-ressources-pedagogiques\/#breadcrumb\",\"itemListElement\":[{\"@type\":\"ListItem\",\"position\":1,\"name\":\"Accueil\",\"item\":\"https:\/\/courtmetrange.eu\/\"},{\"@type\":\"ListItem\",\"position\":2,\"name\":\"INFOS PRATIQUES PJP\"}]},{\"@type\":\"WebSite\",\"@id\":\"https:\/\/courtmetrange.eu\/en\/#website\",\"url\":\"https:\/\/courtmetrange.eu\/en\/\",\"name\":\"Court M\u00e9trange\",\"description\":\"Festival International du court m\u00e9trage insolite et fantastique de Rennes\",\"publisher\":{\"@id\":\"https:\/\/courtmetrange.eu\/en\/#organization\"},\"potentialAction\":[{\"@type\":\"SearchAction\",\"target\":{\"@type\":\"EntryPoint\",\"urlTemplate\":\"https:\/\/courtmetrange.eu\/en\/?s={search_term_string}\"},\"query-input\":{\"@type\":\"PropertyValueSpecification\",\"valueRequired\":true,\"valueName\":\"search_term_string\"}}],\"inLanguage\":\"en-GB\"},{\"@type\":\"Organization\",\"@id\":\"https:\/\/courtmetrange.eu\/en\/#organization\",\"name\":\"Court M\u00e9trange\",\"url\":\"https:\/\/courtmetrange.eu\/en\/\",\"logo\":{\"@type\":\"ImageObject\",\"inLanguage\":\"en-GB\",\"@id\":\"https:\/\/courtmetrange.eu\/en\/#\/schema\/logo\/image\/\",\"url\":\"https:\/\/courtmetrange.eu\/wp-content\/uploads\/2020\/11\/Logo_CourtMetrange.svg\",\"contentUrl\":\"https:\/\/courtmetrange.eu\/wp-content\/uploads\/2020\/11\/Logo_CourtMetrange.svg\",\"width\":251,\"height\":127,\"caption\":\"Court M\u00e9trange\"},\"image\":{\"@id\":\"https:\/\/courtmetrange.eu\/en\/#\/schema\/logo\/image\/\"},\"sameAs\":[\"https:\/\/www.facebook.com\/CourtMetrange\/\",\"https:\/\/x.com\/courtmetrange\",\"https:\/\/www.instagram.com\/courtmetrange.rennes\/\",\"https:\/\/www.youtube.com\/channel\/UCbS9jcW3uiDQeGgZAT29Emw\/videos\"]}]}<\/script>\n<!-- \/ Yoast SEO plugin. -->","yoast_head_json":{"title":"INFOS PRATIQUES PJP - Court M\u00e9trange","robots":{"index":"index","follow":"follow","max-snippet":"max-snippet:-1","max-image-preview":"max-image-preview:large","max-video-preview":"max-video-preview:-1"},"canonical":"https:\/\/courtmetrange.eu\/en\/les-ressources-pedagogiques\/","og_locale":"en_GB","og_type":"article","og_title":"INFOS PRATIQUES PJP - Court M\u00e9trange","og_description":"INFOS PRATIQUES Le vocabulaire \u00e0 conna\u00eetre pour l'analyse de films et d'images (R\u00e9seaux Canop\u00e9) \u00c9ducation \u00e0 l'image (CNC) Dispositif M\u00e9trange Nomade Les financements Pass culture Fonds d'accompagnement artistique et territorial [&hellip;]","og_url":"https:\/\/courtmetrange.eu\/en\/les-ressources-pedagogiques\/","og_site_name":"Court M\u00e9trange","article_publisher":"https:\/\/www.facebook.com\/CourtMetrange\/","article_modified_time":"2025-06-05T15:16:05+00:00","twitter_card":"summary_large_image","twitter_site":"@courtmetrange","twitter_misc":{"Estimated reading time":"5 minutes"},"schema":{"@context":"https:\/\/schema.org","@graph":[{"@type":"WebPage","@id":"https:\/\/courtmetrange.eu\/les-ressources-pedagogiques\/","url":"https:\/\/courtmetrange.eu\/les-ressources-pedagogiques\/","name":"INFOS PRATIQUES PJP - Court M\u00e9trange","isPartOf":{"@id":"https:\/\/courtmetrange.eu\/en\/#website"},"datePublished":"2023-05-23T11:13:01+00:00","dateModified":"2025-06-05T15:16:05+00:00","breadcrumb":{"@id":"https:\/\/courtmetrange.eu\/les-ressources-pedagogiques\/#breadcrumb"},"inLanguage":"en-GB","potentialAction":[{"@type":"ReadAction","target":["https:\/\/courtmetrange.eu\/les-ressources-pedagogiques\/"]}]},{"@type":"BreadcrumbList","@id":"https:\/\/courtmetrange.eu\/les-ressources-pedagogiques\/#breadcrumb","itemListElement":[{"@type":"ListItem","position":1,"name":"Accueil","item":"https:\/\/courtmetrange.eu\/"},{"@type":"ListItem","position":2,"name":"INFOS PRATIQUES PJP"}]},{"@type":"WebSite","@id":"https:\/\/courtmetrange.eu\/en\/#website","url":"https:\/\/courtmetrange.eu\/en\/","name":"Court M\u00e9trange","description":"Festival International du court m\u00e9trage insolite et fantastique de Rennes","publisher":{"@id":"https:\/\/courtmetrange.eu\/en\/#organization"},"potentialAction":[{"@type":"SearchAction","target":{"@type":"EntryPoint","urlTemplate":"https:\/\/courtmetrange.eu\/en\/?s={search_term_string}"},"query-input":{"@type":"PropertyValueSpecification","valueRequired":true,"valueName":"search_term_string"}}],"inLanguage":"en-GB"},{"@type":"Organization","@id":"https:\/\/courtmetrange.eu\/en\/#organization","name":"Court M\u00e9trange","url":"https:\/\/courtmetrange.eu\/en\/","logo":{"@type":"ImageObject","inLanguage":"en-GB","@id":"https:\/\/courtmetrange.eu\/en\/#\/schema\/logo\/image\/","url":"https:\/\/courtmetrange.eu\/wp-content\/uploads\/2020\/11\/Logo_CourtMetrange.svg","contentUrl":"https:\/\/courtmetrange.eu\/wp-content\/uploads\/2020\/11\/Logo_CourtMetrange.svg","width":251,"height":127,"caption":"Court M\u00e9trange"},"image":{"@id":"https:\/\/courtmetrange.eu\/en\/#\/schema\/logo\/image\/"},"sameAs":["https:\/\/www.facebook.com\/CourtMetrange\/","https:\/\/x.com\/courtmetrange","https:\/\/www.instagram.com\/courtmetrange.rennes\/","https:\/\/www.youtube.com\/channel\/UCbS9jcW3uiDQeGgZAT29Emw\/videos"]}]}},"_links":{"self":[{"href":"https:\/\/courtmetrange.eu\/en\/wp-json\/wp\/v2\/pages\/8964","targetHints":{"allow":["GET"]}}],"collection":[{"href":"https:\/\/courtmetrange.eu\/en\/wp-json\/wp\/v2\/pages"}],"about":[{"href":"https:\/\/courtmetrange.eu\/en\/wp-json\/wp\/v2\/types\/page"}],"author":[{"embeddable":true,"href":"https:\/\/courtmetrange.eu\/en\/wp-json\/wp\/v2\/users\/1"}],"replies":[{"embeddable":true,"href":"https:\/\/courtmetrange.eu\/en\/wp-json\/wp\/v2\/comments?post=8964"}],"version-history":[{"count":45,"href":"https:\/\/courtmetrange.eu\/en\/wp-json\/wp\/v2\/pages\/8964\/revisions"}],"predecessor-version":[{"id":13525,"href":"https:\/\/courtmetrange.eu\/en\/wp-json\/wp\/v2\/pages\/8964\/revisions\/13525"}],"wp:attachment":[{"href":"https:\/\/courtmetrange.eu\/en\/wp-json\/wp\/v2\/media?parent=8964"}],"curies":[{"name":"wp","href":"https:\/\/api.w.org\/{rel}","templated":true}]}}