{"id":6930,"date":"2023-02-12T16:58:18","date_gmt":"2023-02-12T15:58:18","guid":{"rendered":"https:\/\/courtmetrange.eu\/?post_type=product&#038;p=6930"},"modified":"2025-03-03T12:05:01","modified_gmt":"2025-03-03T11:05:01","slug":"affiche-court-metrange-edition-2017","status":"publish","type":"product","link":"https:\/\/courtmetrange.eu\/en\/product\/affiche-court-metrange-edition-2017\/","title":{"rendered":"Affiche Court M\u00e9trange \u00e9dition 2017"},"content":{"rendered":"<p>Affiche de l\u2019ann\u00e9e 2017, disponible en<strong>\u00a02 formats<\/strong>\u00a0:<\/p>\n<ul>\n<li>petite affiche en 40 x 60 cm<\/li>\n<li>grande affiche en 120 \u00d7 160 cm<\/li>\n<\/ul>","protected":false},"excerpt":{"rendered":"<p>&nbsp;<\/p>\n<p>Affiche sur le th\u00e8me \u00ab\u00a0Intelligence artificielle\u00a0\u00bb<\/p>\n<p>&nbsp;<\/p>","protected":false},"featured_media":6624,"template":"","meta":{"_acf_changed":false,"_et_pb_use_builder":"","_et_pb_old_content":"","_et_gb_content_width":""},"product_brand":[],"product_cat":[54],"product_tag":[],"class_list":{"0":"post-6930","1":"product","2":"type-product","3":"status-publish","4":"has-post-thumbnail","6":"product_cat-affiche","8":"first","9":"instock","10":"taxable","11":"shipping-taxable","12":"purchasable","13":"product-type-variable"},"acf":[],"yoast_head":"<!-- This site is optimized with the Yoast SEO plugin v24.5 - https:\/\/yoast.com\/wordpress\/plugins\/seo\/ -->\n<title>Affiche Court M\u00e9trange \u00e9dition 2017 - Court M\u00e9trange<\/title>\n<meta name=\"robots\" content=\"index, follow, max-snippet:-1, max-image-preview:large, max-video-preview:-1\" \/>\n<link rel=\"canonical\" href=\"https:\/\/courtmetrange.eu\/en\/product\/affiche-court-metrange-edition-2017\/\" \/>\n<meta property=\"og:locale\" content=\"en_GB\" \/>\n<meta property=\"og:type\" content=\"article\" \/>\n<meta property=\"og:title\" content=\"Affiche Court M\u00e9trange \u00e9dition 2017 - Court M\u00e9trange\" \/>\n<meta property=\"og:description\" content=\"&nbsp;  Affiche sur le th\u00e8me &quot;Intelligence artificielle&quot;  &nbsp;\" \/>\n<meta property=\"og:url\" content=\"https:\/\/courtmetrange.eu\/en\/product\/affiche-court-metrange-edition-2017\/\" \/>\n<meta property=\"og:site_name\" content=\"Court M\u00e9trange\" \/>\n<meta property=\"article:publisher\" content=\"https:\/\/www.facebook.com\/CourtMetrange\/\" \/>\n<meta property=\"article:modified_time\" content=\"2025-03-03T11:05:01+00:00\" \/>\n<meta property=\"og:image\" content=\"https:\/\/courtmetrange.eu\/wp-content\/uploads\/2023\/01\/Affiche-2017.jpg\" \/>\n\t<meta property=\"og:image:width\" content=\"427\" \/>\n\t<meta property=\"og:image:height\" content=\"640\" \/>\n\t<meta property=\"og:image:type\" content=\"image\/jpeg\" \/>\n<meta name=\"twitter:card\" content=\"summary_large_image\" \/>\n<meta name=\"twitter:site\" content=\"@courtmetrange\" \/>\n<meta name=\"twitter:label1\" content=\"Estimated reading time\" \/>\n\t<meta name=\"twitter:data1\" content=\"1 minute\" \/>\n<script type=\"application\/ld+json\" class=\"yoast-schema-graph\">{\"@context\":\"https:\/\/schema.org\",\"@graph\":[{\"@type\":\"WebPage\",\"@id\":\"https:\/\/courtmetrange.eu\/produit\/affiche-court-metrange-edition-2017\/\",\"url\":\"https:\/\/courtmetrange.eu\/produit\/affiche-court-metrange-edition-2017\/\",\"name\":\"Affiche Court M\u00e9trange \u00e9dition 2017 - Court M\u00e9trange\",\"isPartOf\":{\"@id\":\"https:\/\/courtmetrange.eu\/en\/#website\"},\"primaryImageOfPage\":{\"@id\":\"https:\/\/courtmetrange.eu\/produit\/affiche-court-metrange-edition-2017\/#primaryimage\"},\"image\":{\"@id\":\"https:\/\/courtmetrange.eu\/produit\/affiche-court-metrange-edition-2017\/#primaryimage\"},\"thumbnailUrl\":\"https:\/\/courtmetrange.eu\/wp-content\/uploads\/2023\/01\/Affiche-2017.jpg\",\"datePublished\":\"2023-02-12T15:58:18+00:00\",\"dateModified\":\"2025-03-03T11:05:01+00:00\",\"breadcrumb\":{\"@id\":\"https:\/\/courtmetrange.eu\/produit\/affiche-court-metrange-edition-2017\/#breadcrumb\"},\"inLanguage\":\"en-GB\",\"potentialAction\":[{\"@type\":\"ReadAction\",\"target\":[\"https:\/\/courtmetrange.eu\/produit\/affiche-court-metrange-edition-2017\/\"]}]},{\"@type\":\"ImageObject\",\"inLanguage\":\"en-GB\",\"@id\":\"https:\/\/courtmetrange.eu\/produit\/affiche-court-metrange-edition-2017\/#primaryimage\",\"url\":\"https:\/\/courtmetrange.eu\/wp-content\/uploads\/2023\/01\/Affiche-2017.jpg\",\"contentUrl\":\"https:\/\/courtmetrange.eu\/wp-content\/uploads\/2023\/01\/Affiche-2017.jpg\",\"width\":427,\"height\":640},{\"@type\":\"BreadcrumbList\",\"@id\":\"https:\/\/courtmetrange.eu\/produit\/affiche-court-metrange-edition-2017\/#breadcrumb\",\"itemListElement\":[{\"@type\":\"ListItem\",\"position\":1,\"name\":\"Accueil\",\"item\":\"https:\/\/courtmetrange.eu\/\"},{\"@type\":\"ListItem\",\"position\":2,\"name\":\"Boutique\",\"item\":\"https:\/\/courtmetrange.eu\/boutique\/\"},{\"@type\":\"ListItem\",\"position\":3,\"name\":\"Affiche Court M\u00e9trange \u00e9dition 2017\"}]},{\"@type\":\"WebSite\",\"@id\":\"https:\/\/courtmetrange.eu\/en\/#website\",\"url\":\"https:\/\/courtmetrange.eu\/en\/\",\"name\":\"Court M\u00e9trange\",\"description\":\"Festival International du court m\u00e9trage insolite et fantastique de Rennes\",\"publisher\":{\"@id\":\"https:\/\/courtmetrange.eu\/en\/#organization\"},\"potentialAction\":[{\"@type\":\"SearchAction\",\"target\":{\"@type\":\"EntryPoint\",\"urlTemplate\":\"https:\/\/courtmetrange.eu\/en\/?s={search_term_string}\"},\"query-input\":{\"@type\":\"PropertyValueSpecification\",\"valueRequired\":true,\"valueName\":\"search_term_string\"}}],\"inLanguage\":\"en-GB\"},{\"@type\":\"Organization\",\"@id\":\"https:\/\/courtmetrange.eu\/en\/#organization\",\"name\":\"Court M\u00e9trange\",\"url\":\"https:\/\/courtmetrange.eu\/en\/\",\"logo\":{\"@type\":\"ImageObject\",\"inLanguage\":\"en-GB\",\"@id\":\"https:\/\/courtmetrange.eu\/en\/#\/schema\/logo\/image\/\",\"url\":\"https:\/\/courtmetrange.eu\/wp-content\/uploads\/2020\/11\/Logo_CourtMetrange.svg\",\"contentUrl\":\"https:\/\/courtmetrange.eu\/wp-content\/uploads\/2020\/11\/Logo_CourtMetrange.svg\",\"width\":251,\"height\":127,\"caption\":\"Court M\u00e9trange\"},\"image\":{\"@id\":\"https:\/\/courtmetrange.eu\/en\/#\/schema\/logo\/image\/\"},\"sameAs\":[\"https:\/\/www.facebook.com\/CourtMetrange\/\",\"https:\/\/x.com\/courtmetrange\",\"https:\/\/www.instagram.com\/courtmetrange.rennes\/\",\"https:\/\/www.youtube.com\/channel\/UCbS9jcW3uiDQeGgZAT29Emw\/videos\"]}]}<\/script>\n<!-- \/ Yoast SEO plugin. -->","yoast_head_json":{"title":"Affiche Court M\u00e9trange \u00e9dition 2017 - Court M\u00e9trange","robots":{"index":"index","follow":"follow","max-snippet":"max-snippet:-1","max-image-preview":"max-image-preview:large","max-video-preview":"max-video-preview:-1"},"canonical":"https:\/\/courtmetrange.eu\/en\/product\/affiche-court-metrange-edition-2017\/","og_locale":"en_GB","og_type":"article","og_title":"Affiche Court M\u00e9trange \u00e9dition 2017 - Court M\u00e9trange","og_description":"&nbsp;  Affiche sur le th\u00e8me \"Intelligence artificielle\"  &nbsp;","og_url":"https:\/\/courtmetrange.eu\/en\/product\/affiche-court-metrange-edition-2017\/","og_site_name":"Court M\u00e9trange","article_publisher":"https:\/\/www.facebook.com\/CourtMetrange\/","article_modified_time":"2025-03-03T11:05:01+00:00","og_image":[{"width":427,"height":640,"url":"https:\/\/courtmetrange.eu\/wp-content\/uploads\/2023\/01\/Affiche-2017.jpg","type":"image\/jpeg"}],"twitter_card":"summary_large_image","twitter_site":"@courtmetrange","twitter_misc":{"Estimated reading time":"1 minute"},"schema":{"@context":"https:\/\/schema.org","@graph":[{"@type":"WebPage","@id":"https:\/\/courtmetrange.eu\/produit\/affiche-court-metrange-edition-2017\/","url":"https:\/\/courtmetrange.eu\/produit\/affiche-court-metrange-edition-2017\/","name":"Affiche Court M\u00e9trange \u00e9dition 2017 - Court M\u00e9trange","isPartOf":{"@id":"https:\/\/courtmetrange.eu\/en\/#website"},"primaryImageOfPage":{"@id":"https:\/\/courtmetrange.eu\/produit\/affiche-court-metrange-edition-2017\/#primaryimage"},"image":{"@id":"https:\/\/courtmetrange.eu\/produit\/affiche-court-metrange-edition-2017\/#primaryimage"},"thumbnailUrl":"https:\/\/courtmetrange.eu\/wp-content\/uploads\/2023\/01\/Affiche-2017.jpg","datePublished":"2023-02-12T15:58:18+00:00","dateModified":"2025-03-03T11:05:01+00:00","breadcrumb":{"@id":"https:\/\/courtmetrange.eu\/produit\/affiche-court-metrange-edition-2017\/#breadcrumb"},"inLanguage":"en-GB","potentialAction":[{"@type":"ReadAction","target":["https:\/\/courtmetrange.eu\/produit\/affiche-court-metrange-edition-2017\/"]}]},{"@type":"ImageObject","inLanguage":"en-GB","@id":"https:\/\/courtmetrange.eu\/produit\/affiche-court-metrange-edition-2017\/#primaryimage","url":"https:\/\/courtmetrange.eu\/wp-content\/uploads\/2023\/01\/Affiche-2017.jpg","contentUrl":"https:\/\/courtmetrange.eu\/wp-content\/uploads\/2023\/01\/Affiche-2017.jpg","width":427,"height":640},{"@type":"BreadcrumbList","@id":"https:\/\/courtmetrange.eu\/produit\/affiche-court-metrange-edition-2017\/#breadcrumb","itemListElement":[{"@type":"ListItem","position":1,"name":"Accueil","item":"https:\/\/courtmetrange.eu\/"},{"@type":"ListItem","position":2,"name":"Boutique","item":"https:\/\/courtmetrange.eu\/boutique\/"},{"@type":"ListItem","position":3,"name":"Affiche Court M\u00e9trange \u00e9dition 2017"}]},{"@type":"WebSite","@id":"https:\/\/courtmetrange.eu\/en\/#website","url":"https:\/\/courtmetrange.eu\/en\/","name":"Court M\u00e9trange","description":"Festival International du court m\u00e9trage insolite et fantastique de Rennes","publisher":{"@id":"https:\/\/courtmetrange.eu\/en\/#organization"},"potentialAction":[{"@type":"SearchAction","target":{"@type":"EntryPoint","urlTemplate":"https:\/\/courtmetrange.eu\/en\/?s={search_term_string}"},"query-input":{"@type":"PropertyValueSpecification","valueRequired":true,"valueName":"search_term_string"}}],"inLanguage":"en-GB"},{"@type":"Organization","@id":"https:\/\/courtmetrange.eu\/en\/#organization","name":"Court M\u00e9trange","url":"https:\/\/courtmetrange.eu\/en\/","logo":{"@type":"ImageObject","inLanguage":"en-GB","@id":"https:\/\/courtmetrange.eu\/en\/#\/schema\/logo\/image\/","url":"https:\/\/courtmetrange.eu\/wp-content\/uploads\/2020\/11\/Logo_CourtMetrange.svg","contentUrl":"https:\/\/courtmetrange.eu\/wp-content\/uploads\/2020\/11\/Logo_CourtMetrange.svg","width":251,"height":127,"caption":"Court M\u00e9trange"},"image":{"@id":"https:\/\/courtmetrange.eu\/en\/#\/schema\/logo\/image\/"},"sameAs":["https:\/\/www.facebook.com\/CourtMetrange\/","https:\/\/x.com\/courtmetrange","https:\/\/www.instagram.com\/courtmetrange.rennes\/","https:\/\/www.youtube.com\/channel\/UCbS9jcW3uiDQeGgZAT29Emw\/videos"]}]}},"_links":{"self":[{"href":"https:\/\/courtmetrange.eu\/en\/wp-json\/wp\/v2\/product\/6930","targetHints":{"allow":["GET"]}}],"collection":[{"href":"https:\/\/courtmetrange.eu\/en\/wp-json\/wp\/v2\/product"}],"about":[{"href":"https:\/\/courtmetrange.eu\/en\/wp-json\/wp\/v2\/types\/product"}],"wp:featuredmedia":[{"embeddable":true,"href":"https:\/\/courtmetrange.eu\/en\/wp-json\/wp\/v2\/media\/6624"}],"wp:attachment":[{"href":"https:\/\/courtmetrange.eu\/en\/wp-json\/wp\/v2\/media?parent=6930"}],"wp:term":[{"taxonomy":"product_brand","embeddable":true,"href":"https:\/\/courtmetrange.eu\/en\/wp-json\/wp\/v2\/product_brand?post=6930"},{"taxonomy":"product_cat","embeddable":true,"href":"https:\/\/courtmetrange.eu\/en\/wp-json\/wp\/v2\/product_cat?post=6930"},{"taxonomy":"product_tag","embeddable":true,"href":"https:\/\/courtmetrange.eu\/en\/wp-json\/wp\/v2\/product_tag?post=6930"}],"curies":[{"name":"wp","href":"https:\/\/api.w.org\/{rel}","templated":true}]}}